{"id":732,"date":"2024-11-08T11:16:23","date_gmt":"2024-11-08T11:16:23","guid":{"rendered":"https:\/\/niesenglass.eu\/sample-page\/"},"modified":"2025-02-14T11:28:10","modified_gmt":"2025-02-14T11:28:10","slug":"sample-page","status":"publish","type":"page","link":"https:\/\/niesenglass.eu\/de\/","title":{"rendered":"Home"},"content":{"rendered":"<!--themify_builder_content-->\n<div id=\"themify_builder_content-732\" data-postid=\"732\" class=\"themify_builder_content themify_builder_content-732 themify_builder tf_clear\">\n                    <div  data-lazy=\"1\" class=\"module_row themify_builder_row tb_jlrz190 tb_first tf_w\">\n                        <div class=\"row_inner col_align_top tb_col_count_1 tf_box tf_rel\">\n                        <div  data-lazy=\"1\" class=\"module_column tb-column col-full tb_hpug190 first\">\n                    <!-- Slider Pro module -->\n<div  class=\"module module-pro-slider tb_9akj510 pager-standard pager-type-circle \" data-loop=\"1\" data-autoplay=\"4000\" data-hover-pause=\"pause\" data-timer-bar=\"\" data-slider-width=\"\" data-slider-height=\"\" data-touch-swipe-desktop=\"\" data-touch-swipe-mobile=\"\" data-lazy=\"1\">\n\t\t\t\t<div class=\"slider-pro tf_rel tf_hidden tf_lazy\">\n\t\t\t\t\t\t<div class=\"sp-mask tf_rel tf_overflow\">\n\t\t\t\t<div class=\"sp-slides tf_rel\">\n\t\t\t\t\t\t\t\t\t\t\t\t\t\t\t\t\t<div class=\"sp-slide sp-slide-0 sp-slide-type-Image  sp-selected bsp-slide-content-right tf_w\" data-transition=\"slideTop\" data-duration=\"1\"  style=\"background-image:url(https:\/\/niesenglass.eu\/wp-content\/uploads\/2024\/11\/Niesenglass-EU-swiss-glass-furnace-manufacturer.png)\">\n\t\t\t\t\t\t\t\t\t\t\t\t\t\t<div class=\"bsp-layers-overlay tf_rel tf_w\">\n\t\t\t\t\t\t\t\t<div class=\"sp-slide-wrap\">\n\t\t\t\t\t\t\t\t\t\t\t\t\t\t\t\t\t\t<div class=\"sp-slide-text tf_box\">\n\t\t\t\t\t\t\t\t\t\t\n\t\t\t\t\t\t\t\t\t\t\n\t\t\t\t\t\t\t\t\t\t\t\t\t\t\t\t\t\t\t<\/div>\n\t\t\t\t\t\t\t\t\t<!-- \/sp-slide-text -->\n\t\t\t\t\t\t\t\t<\/div><!-- .sp-slide-wrap -->\n\t\t\t\t\t\t\t<\/div><!-- .bsp-layers-overlay -->\n\t\t\t\t\t\t<\/div><!-- .sp-slide -->\n\t\t\t\t\t\t\t\t\t\t\t\t\t\t\t\t\t<div class=\"sp-slide sp-slide-1 sp-slide-type-Image  bsp-slide-content-left tf_w\" data-transition=\"slideRightFade\" data-duration=\"1\"  data-bg=\"https:\/\/niesenglass.eu\/wp-content\/uploads\/2024\/11\/Niesenglass-mobile-furnace-NG-Flamingo.jpg\">\n\t\t\t\t\t\t\t\t\t\t\t\t\t\t<div class=\"bsp-layers-overlay tf_rel tf_w\">\n\t\t\t\t\t\t\t\t<div class=\"sp-slide-wrap\">\n\t\t\t\t\t\t\t\t\t\t\t\t\t\t\t\t\t\t\t<div class=\"sp-layer sp-slide-image tf_box\"\n\t\t\t\t\t\t\t\t\t\t\t\t\t\t\t\t\t\t\t\t\t\t data-show-transition=\"up\"\n\t\t\t\t\t\t\t\t\t\t\t\t data-hide-transition=\"up\"\n\t\t\t\t\t\t\t\t\t\t\t\t data-show-duration=\"1000\"\n\t\t\t\t\t\t\t\t\t\t\t\t data-show-delay=\"0\"\n\t\t\t\t\t\t\t\t\t\t\t\t data-hide-duration=\"1000\"\n\t\t\t\t\t\t\t\t\t\t\t\t data-hide-delay=\"0\"\n\t\t\t\t\t\t\t\t\t\t\t \t\t\t\t\t\t\t\t\t\t\t > \t\n\t\t\t\t\t\t\t\t\t\t\t<img src=\"data:image\/svg+xml,%3Csvg%20xmlns=%27http:\/\/www.w3.org\/2000\/svg%27%20width='562'%20height='722'%20viewBox=%270%200%20562%20722%27%3E%3C\/svg%3E\" loading=\"lazy\" data-lazy=\"1\" data-tf-not-load=\"1\" style=\"background:linear-gradient(to right,#f2f2f2 25%,#b8b8b8 25% 50%,#dadadc 50% 75%,#f2f2f2 75%),linear-gradient(to right,#f2f2f2 25%,#6e6c6d 25% 50%,#506b7e 50% 75%,#f2f2f2 75%),linear-gradient(to right,#f1f1f1 25%,#a0a0a0 25% 50%,#b3c0c6 50% 75%,#f2f2f2 75%),linear-gradient(to right,#eeeeee 25%,#efefef 25% 50%,#dcdcdc 50% 75%,#f3f3f3 75%)\" decoding=\"async\" width=\"562\" height=\"722\" data-tf-src=\"https:\/\/niesenglass.eu\/wp-content\/uploads\/2024\/11\/Niesenglass-NG-Flamingo-mobile-glass-furnace-with-annealer-for-schools-universities.jpg\" class=\"tf_svg_lazy bsp-content-img wp-post-image wp-image-721\" title=\"Niesenglass NG Flamingo mobile glass furnace with annealer for schools universities\" alt=\"Niesenglass NG Flamingo mobile glass furnace with annealer for schools universities\" data-tf-srcset=\"https:\/\/niesenglass.eu\/wp-content\/uploads\/2024\/11\/Niesenglass-NG-Flamingo-mobile-glass-furnace-with-annealer-for-schools-universities.jpg 562w, https:\/\/niesenglass.eu\/wp-content\/uploads\/2024\/11\/Niesenglass-NG-Flamingo-mobile-glass-furnace-with-annealer-for-schools-universities-234x300.jpg 234w\" data-tf-sizes=\"(max-width: 562px) 100vw, 562px\" \/><noscript><img loading=\"lazy\" decoding=\"async\" width=\"562\" height=\"722\" data-tf-not-load src=\"https:\/\/niesenglass.eu\/wp-content\/uploads\/2024\/11\/Niesenglass-NG-Flamingo-mobile-glass-furnace-with-annealer-for-schools-universities.jpg\" class=\"bsp-content-img wp-post-image wp-image-721\" title=\"Niesenglass NG Flamingo mobile glass furnace with annealer for schools universities\" alt=\"Niesenglass NG Flamingo mobile glass furnace with annealer for schools universities\" srcset=\"https:\/\/niesenglass.eu\/wp-content\/uploads\/2024\/11\/Niesenglass-NG-Flamingo-mobile-glass-furnace-with-annealer-for-schools-universities.jpg 562w, https:\/\/niesenglass.eu\/wp-content\/uploads\/2024\/11\/Niesenglass-NG-Flamingo-mobile-glass-furnace-with-annealer-for-schools-universities-234x300.jpg 234w\" sizes=\"auto, (max-width: 562px) 100vw, 562px\" \/><\/noscript>\t\t\t\t\t\t\t\t\t\t<\/div>\n\t\t\t\t\t\t\t\t\t\t\t\t\t\t\t\t\t\t<div class=\"sp-slide-text tf_box\">\n\t\t\t\t\t\t\t\t\t\t\t\t\t\t\t\t\t\t\t\t\t<h3 class=\"sp-layer bsp-slide-post-title\"\n\t\t\t\t\t\t\t\t\t\t\t\t\t\t\t\t\t\t\t\t\t\t\t\tdata-show-transition=\"up\"\n\t\t\t\t\t\t\t\t\t\t\t\t\tdata-hide-transition=\"up\"\n\t\t\t\t\t\t\t\t\t\t\t\t\tdata-show-duration=\"1000\"\n\t\t\t\t\t\t\t\t\t\t\t\t\tdata-show-delay=\"300\"\n\t\t\t\t\t\t\t\t\t\t\t\t\tdata-hide-duration=\"1000\"\n\t\t\t\t\t\t\t\t\t\t\t\t\tdata-hide-delay=\"0\"\n\t\t\t\t\t\t\t\t\t\t\t\t>Check out our new NG Flamingo furnace\t\t\t\t\t\t\t\t\t\t\t<\/h3>\n\t\t\t\t\t\t\t\t\t\t\n\t\t\t\t\t\t\t\t\t\t\t\t\t\t\t\t\t\t\t\t\t<div class=\"sp-layer bsp-slide-excerpt\"\n\t\t\t\t\t\t\t\t\t\t\t\t\t\t\t\t\t\t\t\t\t\t\t\t data-show-transition=\"up\"\n\t\t\t\t\t\t\t\t\t\t\t\t\t data-hide-transition=\"up\"\n\t\t\t\t\t\t\t\t\t\t\t\t\t data-show-duration=\"1000\"\n\t\t\t\t\t\t\t\t\t\t\t\t\t data-show-delay=\"600\"\n\t\t\t\t\t\t\t\t\t\t\t\t\t data-hide-duration=\"1000\"\n\t\t\t\t\t\t\t\t\t\t\t\t\t data-hide-delay=\"0\"\n\t\t\t\t\t\t\t\t\t\t\t\t ><p>packed with unique features to elevate your glassmaking experience. Now available at an introductory price with a 15% discount!<\/p>\t\t\t\t\t\t\t\t\t\t\t<\/div>\n\t\t\t\t\t\t\t\t\t\t\t\t\t\t\t\t\t\t\t\t\t\n\t\t\t\t\t\t\t\t\t\t\t\t\t\t\t\t\t\t\t\t\t\t\t\t\t\t\t\t\t\t\t\t\t<a  class=\"sp-layer bsp-slide-button\" href=\"https:\/\/niesenglass.eu\/products\/mobile-ng-flamingo\/\"\t\t\t\t\t\t\t\t\t\t\t\t\t\t\t\t\t\t\t\t\t\t\t\t\t\t\tdata-show-transition=\"up\"\n\t\t\t\t\t\t\t\t\t\t\t\t\t\tdata-hide-transition=\"up\"\n\t\t\t\t\t\t\t\t\t\t\t\t\t\tdata-show-duration=\"1000\"\n\t\t\t\t\t\t\t\t\t\t\t\t\t\tdata-show-delay=\"900\"\n\t\t\t\t\t\t\t\t\t\t\t\t\t\tdata-hide-duration=\"1000\"\n\t\t\t\t\t\t\t\t\t\t\t\t\t\tdata-hide-delay=\"0\"\n\t\t\t\t\t\t\t\t\t\t\t\t\t\t\t\t\t\t\t\t\t\t\t\t\t\t>\n\t\t\t\t\t\t\t\t\t\t\t\t\t\t\t\t\t\t\t\t\t\t\t\t\t\t\tExplore Now\t\t\t\t\t\t\t\t\t\t\t\t<\/a>\n\t\t\t\t\t\t\t\t\t\t\t\t\t\t\t\t\t\t\t\t\t\t\t\t\t\t\t\t\t\t\t\t\t\t\t\t\t\t\t\t\t\t<\/div>\n\t\t\t\t\t\t\t\t\t<!-- \/sp-slide-text -->\n\t\t\t\t\t\t\t\t<\/div><!-- .sp-slide-wrap -->\n\t\t\t\t\t\t\t<\/div><!-- .bsp-layers-overlay -->\n\t\t\t\t\t\t<\/div><!-- .sp-slide -->\n\t\t\t\t\t\t\t\t\t\t\t\t\t\t\t\t\t<div class=\"sp-slide sp-slide-2 sp-slide-type-Image  bsp-slide-content-center tf_textc tf_w\" data-transition=\"slideRightFade\" data-duration=\"1\"  data-bg=\"https:\/\/niesenglass.eu\/wp-content\/uploads\/2024\/11\/Niesenglass-glassworks-for-university-school-and-museum.jpg\">\n\t\t\t\t\t\t\t\t\t\t\t\t\t\t<div class=\"bsp-layers-overlay tf_rel tf_w\">\n\t\t\t\t\t\t\t\t<div class=\"sp-slide-wrap\">\n\t\t\t\t\t\t\t\t\t\t\t\t\t\t\t\t\t\t<div class=\"sp-slide-text tf_box\">\n\t\t\t\t\t\t\t\t\t\t\t\t\t\t\t\t\t\t\t\t\t<h3 class=\"sp-layer bsp-slide-post-title\"\n\t\t\t\t\t\t\t\t\t\t\t\t\t\t\t\t\t\t\t\t\t\t\t\tdata-show-transition=\"up\"\n\t\t\t\t\t\t\t\t\t\t\t\t\tdata-hide-transition=\"up\"\n\t\t\t\t\t\t\t\t\t\t\t\t\tdata-show-duration=\"1000\"\n\t\t\t\t\t\t\t\t\t\t\t\t\tdata-show-delay=\"300\"\n\t\t\t\t\t\t\t\t\t\t\t\t\tdata-hide-duration=\"1000\"\n\t\t\t\t\t\t\t\t\t\t\t\t\tdata-hide-delay=\"0\"\n\t\t\t\t\t\t\t\t\t\t\t\t>Bring Glassmaking to Your Institution\t\t\t\t\t\t\t\t\t\t\t<\/h3>\n\t\t\t\t\t\t\t\t\t\t\n\t\t\t\t\t\t\t\t\t\t\t\t\t\t\t\t\t\t\t\t\t<div class=\"sp-layer bsp-slide-excerpt\"\n\t\t\t\t\t\t\t\t\t\t\t\t\t\t\t\t\t\t\t\t\t\t\t\t data-show-transition=\"up\"\n\t\t\t\t\t\t\t\t\t\t\t\t\t data-hide-transition=\"up\"\n\t\t\t\t\t\t\t\t\t\t\t\t\t data-show-duration=\"1000\"\n\t\t\t\t\t\t\t\t\t\t\t\t\t data-show-delay=\"600\"\n\t\t\t\t\t\t\t\t\t\t\t\t\t data-hide-duration=\"1000\"\n\t\t\t\t\t\t\t\t\t\t\t\t\t data-hide-delay=\"0\"\n\t\t\t\t\t\t\t\t\t\t\t\t ><p>We help schools, universities, and museums set up their own glass studios.<br \/>From professional furnaces and accessories to expert training, trust lifelong glassmakers to guide you every step of the way.<\/p>\t\t\t\t\t\t\t\t\t\t\t<\/div>\n\t\t\t\t\t\t\t\t\t\t\t\t\t\t\t\t\t\t\t\t\t\n\t\t\t\t\t\t\t\t\t\t\t\t\t\t\t\t\t\t\t\t\t\t\t\t\t\t\t\t\t\t\t\t\t<a  class=\"sp-layer bsp-slide-button\" href=\"https:\/\/niesenglass.eu\/for-educational\/\"\t\t\t\t\t\t\t\t\t\t\t\t\t\t\t\t\t\t\t\t\t\t\t\t\t\t\tdata-show-transition=\"up\"\n\t\t\t\t\t\t\t\t\t\t\t\t\t\tdata-hide-transition=\"up\"\n\t\t\t\t\t\t\t\t\t\t\t\t\t\tdata-show-duration=\"1000\"\n\t\t\t\t\t\t\t\t\t\t\t\t\t\tdata-show-delay=\"900\"\n\t\t\t\t\t\t\t\t\t\t\t\t\t\tdata-hide-duration=\"1000\"\n\t\t\t\t\t\t\t\t\t\t\t\t\t\tdata-hide-delay=\"0\"\n\t\t\t\t\t\t\t\t\t\t\t\t\t\t\t\t\t\t\t\t\t\t\t\t\t\t>\n\t\t\t\t\t\t\t\t\t\t\t\t\t\t\t\t\t\t\t\t\t\t\t\t\t\t\tLearn More\t\t\t\t\t\t\t\t\t\t\t\t<\/a>\n\t\t\t\t\t\t\t\t\t\t\t\t\t\t\t\t\t\t\t\t\t\t\t\t\t\t\t\t\t\t\t\t\t\t\t\t\t\t\t\t\t\t<\/div>\n\t\t\t\t\t\t\t\t\t<!-- \/sp-slide-text -->\n\t\t\t\t\t\t\t\t<\/div><!-- .sp-slide-wrap -->\n\t\t\t\t\t\t\t<\/div><!-- .bsp-layers-overlay -->\n\t\t\t\t\t\t<\/div><!-- .sp-slide -->\n\t\t\t\t\t\t\t\t\t\t\t\t\t\t\t\t\t<div class=\"sp-slide sp-slide-3 sp-slide-type-Image  bsp-slide-content-center tf_textc tf_w\" data-transition=\"slideRightFade\" data-duration=\"1\"  data-bg=\"https:\/\/niesenglass.eu\/wp-content\/uploads\/2024\/11\/Niesenglass-workshop-events.jpg\">\n\t\t\t\t\t\t\t\t\t\t\t\t\t\t<div class=\"bsp-layers-overlay tf_rel tf_w\">\n\t\t\t\t\t\t\t\t<div class=\"sp-slide-wrap\">\n\t\t\t\t\t\t\t\t\t\t\t\t\t\t\t\t\t\t<div class=\"sp-slide-text tf_box\">\n\t\t\t\t\t\t\t\t\t\t\t\t\t\t\t\t\t\t\t\t\t<h3 class=\"sp-layer bsp-slide-post-title\"\n\t\t\t\t\t\t\t\t\t\t\t\t\t\t\t\t\t\t\t\t\t\t\t\tdata-show-transition=\"up\"\n\t\t\t\t\t\t\t\t\t\t\t\t\tdata-hide-transition=\"up\"\n\t\t\t\t\t\t\t\t\t\t\t\t\tdata-show-duration=\"1000\"\n\t\t\t\t\t\t\t\t\t\t\t\t\tdata-show-delay=\"300\"\n\t\t\t\t\t\t\t\t\t\t\t\t\tdata-hide-duration=\"1000\"\n\t\t\t\t\t\t\t\t\t\t\t\t\tdata-hide-delay=\"0\"\n\t\t\t\t\t\t\t\t\t\t\t\t>Host Your Event with Us\t\t\t\t\t\t\t\t\t\t\t<\/h3>\n\t\t\t\t\t\t\t\t\t\t\n\t\t\t\t\t\t\t\t\t\t\t\t\t\t\t\t\t\t\t\t\t<div class=\"sp-layer bsp-slide-excerpt\"\n\t\t\t\t\t\t\t\t\t\t\t\t\t\t\t\t\t\t\t\t\t\t\t\t data-show-transition=\"up\"\n\t\t\t\t\t\t\t\t\t\t\t\t\t data-hide-transition=\"up\"\n\t\t\t\t\t\t\t\t\t\t\t\t\t data-show-duration=\"1000\"\n\t\t\t\t\t\t\t\t\t\t\t\t\t data-show-delay=\"600\"\n\t\t\t\t\t\t\t\t\t\t\t\t\t data-hide-duration=\"1000\"\n\t\t\t\t\t\t\t\t\t\t\t\t\t data-hide-delay=\"0\"\n\t\t\t\t\t\t\t\t\t\t\t\t ><p>Our expert glassmaker brings the studio to you, complete with a mobile furnace and tools, for an unforgettable live glassmaking demonstration that everyone will love.<\/p>\t\t\t\t\t\t\t\t\t\t\t<\/div>\n\t\t\t\t\t\t\t\t\t\t\t\t\t\t\t\t\t\t\t\t\t\n\t\t\t\t\t\t\t\t\t\t\t\t\t\t\t\t\t\t\t\t\t\t\t\t\t\t\t\t\t\t\t\t\t<a  class=\"sp-layer bsp-slide-button\" href=\"https:\/\/niesenglass.eu\/mobile-events\/\"\t\t\t\t\t\t\t\t\t\t\t\t\t\t\t\t\t\t\t\t\t\t\t\t\t\t\tdata-show-transition=\"up\"\n\t\t\t\t\t\t\t\t\t\t\t\t\t\tdata-hide-transition=\"up\"\n\t\t\t\t\t\t\t\t\t\t\t\t\t\tdata-show-duration=\"1000\"\n\t\t\t\t\t\t\t\t\t\t\t\t\t\tdata-show-delay=\"900\"\n\t\t\t\t\t\t\t\t\t\t\t\t\t\tdata-hide-duration=\"1000\"\n\t\t\t\t\t\t\t\t\t\t\t\t\t\tdata-hide-delay=\"0\"\n\t\t\t\t\t\t\t\t\t\t\t\t\t\t\t\t\t\t\t\t\t\t\t\t\t\t>\n\t\t\t\t\t\t\t\t\t\t\t\t\t\t\t\t\t\t\t\t\t\t\t\t\t\t\tBring Glass Art to me\t\t\t\t\t\t\t\t\t\t\t\t<\/a>\n\t\t\t\t\t\t\t\t\t\t\t\t\t\t\t\t\t\t\t\t\t\t\t\t\t\t\t\t\t\t\t\t\t\t\t\t\t\t\t\t\t\t<\/div>\n\t\t\t\t\t\t\t\t\t<!-- \/sp-slide-text -->\n\t\t\t\t\t\t\t\t<\/div><!-- .sp-slide-wrap -->\n\t\t\t\t\t\t\t<\/div><!-- .bsp-layers-overlay -->\n\t\t\t\t\t\t<\/div><!-- .sp-slide -->\n\t\t\t\t\t\t\t\t\t\t\t\t\t\t\t\t\t<div class=\"sp-slide sp-slide-4 sp-slide-type-Image  bsp-slide-content-center tf_textc tf_w\" data-transition=\"slideRightFade\" data-duration=\"1\"  data-bg=\"https:\/\/niesenglass.eu\/wp-content\/uploads\/2024\/11\/Niesenglass-our-story-glassmakers.jpg\">\n\t\t\t\t\t\t\t\t\t\t\t\t\t\t<div class=\"bsp-layers-overlay tf_rel tf_w\">\n\t\t\t\t\t\t\t\t<div class=\"sp-slide-wrap\">\n\t\t\t\t\t\t\t\t\t\t\t\t\t\t\t\t\t\t<div class=\"sp-slide-text tf_box\">\n\t\t\t\t\t\t\t\t\t\t\t\t\t\t\t\t\t\t\t\t\t<h3 class=\"sp-layer bsp-slide-post-title\"\n\t\t\t\t\t\t\t\t\t\t\t\t\t\t\t\t\t\t\t\t\t\t\t\tdata-show-transition=\"up\"\n\t\t\t\t\t\t\t\t\t\t\t\t\tdata-hide-transition=\"up\"\n\t\t\t\t\t\t\t\t\t\t\t\t\tdata-show-duration=\"1000\"\n\t\t\t\t\t\t\t\t\t\t\t\t\tdata-show-delay=\"300\"\n\t\t\t\t\t\t\t\t\t\t\t\t\tdata-hide-duration=\"1000\"\n\t\t\t\t\t\t\t\t\t\t\t\t\tdata-hide-delay=\"0\"\n\t\t\t\t\t\t\t\t\t\t\t\t>Our Story\t\t\t\t\t\t\t\t\t\t\t<\/h3>\n\t\t\t\t\t\t\t\t\t\t\n\t\t\t\t\t\t\t\t\t\t\t\t\t\t\t\t\t\t\t\t\t<div class=\"sp-layer bsp-slide-excerpt\"\n\t\t\t\t\t\t\t\t\t\t\t\t\t\t\t\t\t\t\t\t\t\t\t\t data-show-transition=\"up\"\n\t\t\t\t\t\t\t\t\t\t\t\t\t data-hide-transition=\"up\"\n\t\t\t\t\t\t\t\t\t\t\t\t\t data-show-duration=\"1000\"\n\t\t\t\t\t\t\t\t\t\t\t\t\t data-show-delay=\"600\"\n\t\t\t\t\t\t\t\t\t\t\t\t\t data-hide-duration=\"1000\"\n\t\t\t\t\t\t\t\t\t\t\t\t\t data-hide-delay=\"0\"\n\t\t\t\t\t\t\t\t\t\t\t\t ><p>Based in Switzerland&#8217;s inspiring landscape, we are not just furnace makers \u2013 we\u2019re lifelong, world-experienced glassmakers. With our deep knowledge of the craft, we create furnaces\u00a0<strong> designed by glassmakers, for glassmakers<\/strong>, bringing both passion and expertise to every project.<\/p>\t\t\t\t\t\t\t\t\t\t\t<\/div>\n\t\t\t\t\t\t\t\t\t\t\t\t\t\t\t\t\t\t\t\t\t\n\t\t\t\t\t\t\t\t\t\t\t\t\t\t\t\t\t\t\t\t\t\t\t\t\t\t\t\t\t\t\t\t\t<a  class=\"sp-layer bsp-slide-button\" href=\"https:\/\/niesenglass.eu\/contact\/\"\t\t\t\t\t\t\t\t\t\t\t\t\t\t\t\t\t\t\t\t\t\t\t\t\t\t\tdata-show-transition=\"up\"\n\t\t\t\t\t\t\t\t\t\t\t\t\t\tdata-hide-transition=\"up\"\n\t\t\t\t\t\t\t\t\t\t\t\t\t\tdata-show-duration=\"1000\"\n\t\t\t\t\t\t\t\t\t\t\t\t\t\tdata-show-delay=\"900\"\n\t\t\t\t\t\t\t\t\t\t\t\t\t\tdata-hide-duration=\"1000\"\n\t\t\t\t\t\t\t\t\t\t\t\t\t\tdata-hide-delay=\"0\"\n\t\t\t\t\t\t\t\t\t\t\t\t\t\t\t\t\t\t\t\t\t\t\t\t\t\t>\n\t\t\t\t\t\t\t\t\t\t\t\t\t\t\t\t\t\t\t\t\t\t\t\t\t\t\tContact Us\t\t\t\t\t\t\t\t\t\t\t\t<\/a>\n\t\t\t\t\t\t\t\t\t\t\t\t\t\t\t\t\t\t\t\t\t\t\t\t\t\t\t\t\t\t\t\t\t\t\t\t\t\t\t\t\t\t<\/div>\n\t\t\t\t\t\t\t\t\t<!-- \/sp-slide-text -->\n\t\t\t\t\t\t\t\t<\/div><!-- .sp-slide-wrap -->\n\t\t\t\t\t\t\t<\/div><!-- .bsp-layers-overlay -->\n\t\t\t\t\t\t<\/div><!-- .sp-slide -->\n\t\t\t\t\t\t\t\t\t<\/div><!-- .sp-slides -->\n\t\t\t<\/div>\n\t\t\t\t\t\t\t<div class=\"sp-buttons tf_w\">\n\t\t\t\t\t\t\t\t\t\t\t\t\t\t\t\t\t\t<div class=\"sp-button tf_box sp-selected-button\"><\/div>\n\t\t\t\t\t\t\t\t\t\t\t\t\t<div class=\"sp-button tf_box\"><\/div>\n\t\t\t\t\t\t\t\t\t\t\t\t\t<div class=\"sp-button tf_box\"><\/div>\n\t\t\t\t\t\t\t\t\t\t\t\t\t<div class=\"sp-button tf_box\"><\/div>\n\t\t\t\t\t\t\t\t\t\t\t\t\t<div class=\"sp-button tf_box\"><\/div>\n\t\t\t\t\t\t\t\t\t\t\t\t\t\t\t<\/div>\n\t\t\t\t\t<\/div><!-- .slider-pro -->\n\t\t<style>\n.tb_9akj510 .sp-slide-0 .bsp-slide-excerpt,.tb_9akj510 .sp-slide-0 .bsp-slide-excerpt p,.tb_9akj510 .sp-slide-0 .sp-slide-text .bsp-slide-post-title{color:#ffffff}\n.tb_9akj510 .sp-slide-1 .bsp-slide-excerpt,.tb_9akj510 .sp-slide-1 .bsp-slide-excerpt p,.tb_9akj510 .sp-slide-1 .sp-slide-text .bsp-slide-post-title{color:#ffffff}\n.tb_9akj510 .sp-slide-2 .bsp-slide-excerpt,.tb_9akj510 .sp-slide-2 .bsp-slide-excerpt p,.tb_9akj510 .sp-slide-2 .sp-slide-text .bsp-slide-post-title{color:#ffffff}\n.tb_9akj510 .sp-slide-3 .bsp-slide-excerpt,.tb_9akj510 .sp-slide-3 .bsp-slide-excerpt p,.tb_9akj510 .sp-slide-3 .sp-slide-text .bsp-slide-post-title{color:#ffffff}\n.tb_9akj510 .sp-slide-4 .bsp-slide-excerpt,.tb_9akj510 .sp-slide-4 .bsp-slide-excerpt p,.tb_9akj510 .sp-slide-4 .sp-slide-text .bsp-slide-post-title{color:#ffffff}\n<\/style><\/div>\n<!-- \/Slider Pro module -->\n        <\/div>\n                        <\/div>\n        <\/div>\n                        <div  data-lazy=\"1\" class=\"module_row themify_builder_row tb_2mix494 tf_w\">\n                        <div class=\"row_inner col_align_top tb_col_count_1 tf_box tf_rel\">\n                        <div  data-lazy=\"1\" class=\"module_column tb-column col-full tb_qy12494 first\">\n                            <div  data-lazy=\"1\" class=\"module_subrow themify_builder_sub_row tf_w col_align_top tb_col_count_2 tb_6hty569\">\n                <div  data-lazy=\"1\" class=\"module_column sub_column col4-2 tb_xy9l569 first\">\n                    <!-- module fancy heading -->\n<div  class=\"module module-fancy-heading tb_baup936  tb_hide_divider\" data-lazy=\"1\">\n        <h1 class=\"fancy-heading\">\n    <span class=\"main-head tf_block\">\n                    Glas ist eines der sch\u00f6nsten Materialien, die uns umgeben.            <\/span>\n\n    \n    <span class=\"sub-head tf_block tf_rel\">\n                                <\/span>\n    <\/h1>\n<\/div>\n<!-- \/module fancy heading -->\n<!-- module text -->\n<div  class=\"module module-text tb_ir38879   \" data-lazy=\"1\">\n        <div  class=\"tb_text_wrap\">\n        <p>Glas ist eines der sch\u00f6nsten Materialien, die uns umgeben. Seine Klarheit und Transparenz kann Licht einfangen und atemberaubende Effekte erzeugen, die jeden Raum zum Leben erwecken. Glas kommt in vielen Formen vor \u2013 von den eleganten Fenstern moderner Geb\u00e4ude bis hin zu filigranen Dekorationen und funktionalen Gegenst\u00e4nden wie Gl\u00e4sern und Vasen. Seine F\u00e4higkeit, Farben und Reflexionen zu ver\u00e4ndern, macht es in Architektur und Design unersetzlich.<\/p><p>Glas begegnet uns \u00fcberall \u2013 im Bauwesen, in der Kunst, in der Innenarchitektur und Konsumg\u00fctern. Seine Vielseitigkeit und \u00c4sthetik sind unvergleichlich.<\/p>    <\/div>\n<\/div>\n<!-- \/module text --><!-- module callout -->\n<div  class=\"module ui module-callout tb_fr29418  black  \" data-lazy=\"1\">\n    \n    <div class=\"callout-inner\">\n    <div class=\"callout-content tf_left\">\n        <h3 class=\"callout-heading\">NG Flamingo \u2013 unser neues mobiles Glasbl\u00e4serstudio<\/h3>\n        <div class=\"tb_text_wrap\">\n            F\u00fcr die Bedienung des NG Flamingo sind keine Vorkenntnisse erforderlich. Um einen reibungslosen Betrieb zu gew\u00e4hrleisten, bieten wir einen eint\u00e4gigen Workshop an, in dem die Benutzer lernen, wie sie den Glasofen bedienen und warten.        <\/div>\n    <\/div>\n    <!-- \/callout-content -->\n                    <div class=\"callout-button tf_right tf_textr\">\n            <a href=\"https:\/\/niesenglass.eu\/products\/mobile-ng-flamingo\/\" class=\"ui builder_button rounded blue\">\n                <span class=\"tb_callout_text\">Mehr infos<\/span>\n            <\/a>\n        <\/div>\n            <\/div>\n    <!-- \/callout-content -->\n<\/div>\n<!-- \/module callout -->\n        <\/div>\n                    <div  data-lazy=\"1\" class=\"module_column sub_column col4-2 tb_0hab569 last\">\n                    <!-- module text -->\n<div  class=\"module module-text tb_jmov534   \" data-lazy=\"1\">\n        <div  class=\"tb_text_wrap\">\n        <p>Die Glasherstellung ist jedoch ein komplexer und anspruchsvoller Prozess. Die Beherrschung hoher Temperaturen und die Formung von geschmolzenem Glas erfordert nicht nur technisches Wissen, sondern auch kunsthandwerkliches Feingef\u00fchl. Jedes Glasobjekt, ob ein einfaches Trinkglas oder eine aufwendige Skulptur, erfordert die volle Aufmerksamkeit des Glasmachers. <\/p>\n    <\/div>\n<\/div>\n<!-- \/module text --><!-- module fancy heading -->\n<div  class=\"module module-fancy-heading tb_8u63445 \" data-lazy=\"1\">\n        <h1 class=\"fancy-heading\">\n    <span class=\"main-head tf_block\">\n                                <\/span>\n\n    \n    <span class=\"sub-head tf_block tf_rel\">\n                    Unsere mobilen Glas\u00f6fen sind nicht nur Werkzeuge, sondern der Zugang zu einer Welt voller unendlicher kreativer M\u00f6glichkeiten.            <\/span>\n    <\/h1>\n<\/div>\n<!-- \/module fancy heading -->\n<!-- module text -->\n<div  class=\"module module-text tb_212j403   \" data-lazy=\"1\">\n        <div  class=\"tb_text_wrap\">\n        <p>Niesenglass kommt aus der tradition des Kunsthandwerks. Wir sind erfahrene Glasbl\u00e4ser und haben schon viele Projekte und Produkte f\u00fcr Kunden aus dem Architektur, Kunst und Designbereich umgesetzt.<\/p><p>Auf dieser Erfahrung bauen wir auf und entwickeln unsere Glastechnologie.<\/p><p>Wir geben unser wissen an alle interessierten, ob Laien oder Fortgeschrittene, in Massgeschneiderten Kursen weiter.<\/p>    <\/div>\n<\/div>\n<!-- \/module text -->        <\/div>\n                    <\/div>\n                <\/div>\n                        <\/div>\n        <\/div>\n        <\/div>\n<!--\/themify_builder_content-->","protected":false},"excerpt":{"rendered":"<p>Check out our new NG Flamingo furnace packed with unique features to elevate your glassmaking experience. Now available at an introductory price with a 15% discount! Explore Now Bring Glassmaking to Your Institution We help schools, universities, and museums set up their own glass studios. From professional furnaces and accessories to expert training, trust lifelong [&hellip;]<\/p>\n","protected":false},"author":2,"featured_media":0,"parent":0,"menu_order":0,"comment_status":"closed","ping_status":"open","template":"","meta":{"footnotes":""},"class_list":["post-732","page","type-page","status-publish","hentry","has-post-title","has-post-date","has-post-category","has-post-tag","has-post-comment","has-post-author",""],"_links":{"self":[{"href":"https:\/\/niesenglass.eu\/de\/wp-json\/wp\/v2\/pages\/732","targetHints":{"allow":["GET"]}}],"collection":[{"href":"https:\/\/niesenglass.eu\/de\/wp-json\/wp\/v2\/pages"}],"about":[{"href":"https:\/\/niesenglass.eu\/de\/wp-json\/wp\/v2\/types\/page"}],"author":[{"embeddable":true,"href":"https:\/\/niesenglass.eu\/de\/wp-json\/wp\/v2\/users\/2"}],"replies":[{"embeddable":true,"href":"https:\/\/niesenglass.eu\/de\/wp-json\/wp\/v2\/comments?post=732"}],"version-history":[{"count":9,"href":"https:\/\/niesenglass.eu\/de\/wp-json\/wp\/v2\/pages\/732\/revisions"}],"predecessor-version":[{"id":743,"href":"https:\/\/niesenglass.eu\/de\/wp-json\/wp\/v2\/pages\/732\/revisions\/743"}],"wp:attachment":[{"href":"https:\/\/niesenglass.eu\/de\/wp-json\/wp\/v2\/media?parent=732"}],"curies":[{"name":"wp","href":"https:\/\/api.w.org\/{rel}","templated":true}]}}