{"id":744,"date":"2024-11-08T12:56:53","date_gmt":"2024-11-08T12:56:53","guid":{"rendered":"https:\/\/niesenglass.eu\/mobile-ng-40\/"},"modified":"2025-02-14T11:39:38","modified_gmt":"2025-02-14T11:39:38","slug":"mobile-ng-40","status":"publish","type":"page","link":"https:\/\/niesenglass.eu\/de\/mobile-ng-40\/","title":{"rendered":"Mobile NG 40"},"content":{"rendered":"<!--themify_builder_content-->\n<div id=\"themify_builder_content-744\" data-postid=\"744\" class=\"themify_builder_content themify_builder_content-744 themify_builder tf_clear\">\n                    <div  data-lazy=\"1\" class=\"module_row themify_builder_row tb_3r4l764 tb_first tf_w\">\n                        <div class=\"row_inner col_align_top tb_col_count_1 tf_box tf_rel\">\n                        <div  data-lazy=\"1\" class=\"module_column tb-column col-full tb_r26v764 first\">\n                            <div  data-lazy=\"1\" class=\"module_subrow themify_builder_sub_row tf_w col_align_top tb_col_count_2 tb_dryv401\">\n                <div  data-lazy=\"1\" class=\"module_column sub_column col4-2 tb_7rfh401 first\">\n                    <!-- module image -->\n<div  class=\"module module-image tb_j3t9147 image-top   tf_mw\" data-lazy=\"1\">\n        <div class=\"image-wrap tf_rel tf_mw\">\n            <img loading=\"lazy\" decoding=\"async\" width=\"561\" height=\"671\" src=\"https:\/\/niesenglass.eu\/wp-content\/uploads\/2024\/11\/Mobile-glass-furnace-Niesenglass-NG40-overview-2.jpg\" class=\"wp-post-image wp-image-725\" title=\"Mobile glass furnace Niesenglass NG40 overview 2\" alt=\"Mobile glass furnace Niesenglass NG40 overview 2\" srcset=\"https:\/\/niesenglass.eu\/wp-content\/uploads\/2024\/11\/Mobile-glass-furnace-Niesenglass-NG40-overview-2.jpg 561w, https:\/\/niesenglass.eu\/wp-content\/uploads\/2024\/11\/Mobile-glass-furnace-Niesenglass-NG40-overview-2-251x300.jpg 251w\" sizes=\"auto, (max-width: 561px) 100vw, 561px\" \/>    \n        <\/div>\n    <!-- \/image-wrap -->\n    \n        <\/div>\n<!-- \/module image -->        <\/div>\n                    <div  data-lazy=\"1\" class=\"module_column sub_column col4-2 tb_ot9q401 last\">\n                    <!-- module fancy heading -->\n<div  class=\"module module-fancy-heading tb_p2ap639 \" data-lazy=\"1\">\n        <h1 class=\"fancy-heading\">\n    <span class=\"main-head tf_block\">\n                    Mobile NG 40            <\/span>\n\n    \n    <span class=\"sub-head tf_block tf_rel\">\n                    Unser all-in-one baby            <\/span>\n    <\/h1>\n<\/div>\n<!-- \/module fancy heading -->\n<!-- module text -->\n<div  class=\"module module-text tb_qh79969   \" data-lazy=\"1\">\n        <div  class=\"tb_text_wrap\">\n        <p>Die NG40 ist ein mobiles Glasstudio, das von Miroslav Liederhaus entwickelt und von Niesenglass EU vertrieben wird. Dieses innovative Glasstudio dient nicht nur als traditioneller Glasofen, sondern auch als R\u00fcckw\u00e4rmtrommel, Schmelzofen, Pfeifenw\u00e4rmer und verf\u00fcgt \u00fcber eine angebaute W\u00e4lzplatte.<\/p><p>Die neue Mark II-Version verf\u00fcgt \u00fcber ein online gesteuertes Brennersystem, das maximale Flexibilit\u00e4t und Effizienz im Betrieb bietet.<\/p><p>Alle Komponenten, wie Tiegel, die Hemisphere und anderes Zubeh\u00f6r, werden im eigenen Haus an Lager gehalten, um im Bedarfsfall den schnellstm\u00f6glichen Service zu gew\u00e4hrleisten.<\/p><p>Dieser Glasofen ist ideal f\u00fcr Anf\u00e4nger, Bildungsprogramme, Schulen usw. Es kann auch als zweiter Ofen f\u00fcr Glashersteller dienen, z. B. zum Schmelzen von farbigem Glas. Der NG40 eignet sich f\u00fcr eint\u00e4gige Veranstaltungen, Workshops und vieles mehr, kann aber auch kontinuierlich als konventioneller Glasofen betrieben werden.<\/p><p>Das mobile NG40-Studio wird mit Ersatzteilen wie Tiegel, T\u00fcr, Schl\u00e4uchen mit Gasregler usw. geliefert. Nach dem Auspacken ist das Studio ohne weitere Investitionen sofort einsatzbereit.<\/p>    <\/div>\n<\/div>\n<!-- \/module text -->        <\/div>\n                    <\/div>\n                <\/div>\n                        <\/div>\n        <\/div>\n                        <div  data-lazy=\"1\" class=\"module_row themify_builder_row tb_dac3922 tf_w\">\n                        <div class=\"row_inner col_align_top tb_col_count_1 tf_box tf_rel\">\n                        <div  data-lazy=\"1\" class=\"module_column tb-column col-full tb_0ufl922 first\">\n                    <!-- Slider Pro module -->\n<div  class=\"module module-pro-slider tb_buvh75 pager-standard pager-type-circle \" data-loop=\"1\" data-autoplay=\"4000\" data-hover-pause=\"pause\" data-timer-bar=\"\" data-slider-width=\"\" data-slider-height=\"\" data-touch-swipe-desktop=\"\" data-touch-swipe-mobile=\"\" data-lazy=\"1\">\n\t\t\t\t<div class=\"slider-pro tf_rel tf_hidden tf_lazy\">\n\t\t\t\t\t\t<div class=\"sp-mask tf_rel tf_overflow\">\n\t\t\t\t<div class=\"sp-slides tf_rel\">\n\t\t\t\t\t\t\t\t\t\t\t\t\t\t\t\t\t<div class=\"sp-slide sp-slide-0 sp-slide-type-Image  sp-selected bsp-slide-content-right tf_w\" data-transition=\"slideRightFade\" data-duration=\"1\"  data-bg=\"https:\/\/niesenglass.eu\/wp-content\/uploads\/2024\/11\/Niesenglass-NG40-mobile-glass-furnace-with-annealer.jpg\">\n\t\t\t\t\t\t\t\t\t\t\t\t\t\t<div class=\"bsp-layers-overlay tf_rel tf_w\">\n\t\t\t\t\t\t\t\t<div class=\"sp-slide-wrap\">\n\t\t\t\t\t\t\t\t\t\t\t\t\t\t\t\t\t\t<div class=\"sp-slide-text tf_box\">\n\t\t\t\t\t\t\t\t\t\t\t\t\t\t\t\t\t\t\t\t\t<h3 class=\"sp-layer bsp-slide-post-title\"\n\t\t\t\t\t\t\t\t\t\t\t\t\t\t\t\t\t\t\t\t\t\t\t\tdata-show-transition=\"up\"\n\t\t\t\t\t\t\t\t\t\t\t\t\tdata-hide-transition=\"up\"\n\t\t\t\t\t\t\t\t\t\t\t\t\tdata-show-duration=\"1000\"\n\t\t\t\t\t\t\t\t\t\t\t\t\tdata-show-delay=\"300\"\n\t\t\t\t\t\t\t\t\t\t\t\t\tdata-hide-duration=\"1000\"\n\t\t\t\t\t\t\t\t\t\t\t\t\tdata-hide-delay=\"0\"\n\t\t\t\t\t\t\t\t\t\t\t\t>NG 40 with the annealer\t\t\t\t\t\t\t\t\t\t\t<\/h3>\n\t\t\t\t\t\t\t\t\t\t\n\t\t\t\t\t\t\t\t\t\t\t\t\t\t\t\t\t\t\t\t\t<div class=\"sp-layer bsp-slide-excerpt\"\n\t\t\t\t\t\t\t\t\t\t\t\t\t\t\t\t\t\t\t\t\t\t\t\t data-show-transition=\"up\"\n\t\t\t\t\t\t\t\t\t\t\t\t\t data-hide-transition=\"up\"\n\t\t\t\t\t\t\t\t\t\t\t\t\t data-show-duration=\"1000\"\n\t\t\t\t\t\t\t\t\t\t\t\t\t data-show-delay=\"600\"\n\t\t\t\t\t\t\t\t\t\t\t\t\t data-hide-duration=\"1000\"\n\t\t\t\t\t\t\t\t\t\t\t\t\t data-hide-delay=\"0\"\n\t\t\t\t\t\t\t\t\t\t\t\t ><p>Uses the excessive heat in its annealer!<\/p>\t\t\t\t\t\t\t\t\t\t\t<\/div>\n\t\t\t\t\t\t\t\t\t\t\t\t\t\t\t\t\t\t\t\t\t\n\t\t\t\t\t\t\t\t\t\t\t\t\t\t\t\t\t\t\t<\/div>\n\t\t\t\t\t\t\t\t\t<!-- \/sp-slide-text -->\n\t\t\t\t\t\t\t\t<\/div><!-- .sp-slide-wrap -->\n\t\t\t\t\t\t\t<\/div><!-- .bsp-layers-overlay -->\n\t\t\t\t\t\t<\/div><!-- .sp-slide -->\n\t\t\t\t\t\t\t\t\t\t\t\t\t\t\t\t\t<div class=\"sp-slide sp-slide-1 sp-slide-type-Image  bsp-slide-content-right tf_w\" data-transition=\"slideRightFade\" data-duration=\"1\"  data-bg=\"https:\/\/niesenglass.eu\/wp-content\/uploads\/2024\/11\/Niesenglass-NG40-mobile-glass-furnace-with-annealer-in-use.jpg\">\n\t\t\t\t\t\t\t\t\t\t\t\t\t\t<div class=\"bsp-layers-overlay tf_rel tf_w\">\n\t\t\t\t\t\t\t\t<div class=\"sp-slide-wrap\">\n\t\t\t\t\t\t\t\t\t\t\t\t\t\t\t\t\t\t<div class=\"sp-slide-text tf_box\">\n\t\t\t\t\t\t\t\t\t\t\t\t\t\t\t\t\t\t\t\t\t<h3 class=\"sp-layer bsp-slide-post-title\"\n\t\t\t\t\t\t\t\t\t\t\t\t\t\t\t\t\t\t\t\t\t\t\t\tdata-show-transition=\"up\"\n\t\t\t\t\t\t\t\t\t\t\t\t\tdata-hide-transition=\"up\"\n\t\t\t\t\t\t\t\t\t\t\t\t\tdata-show-duration=\"1000\"\n\t\t\t\t\t\t\t\t\t\t\t\t\tdata-show-delay=\"300\"\n\t\t\t\t\t\t\t\t\t\t\t\t\tdata-hide-duration=\"1000\"\n\t\t\t\t\t\t\t\t\t\t\t\t\tdata-hide-delay=\"0\"\n\t\t\t\t\t\t\t\t\t\t\t\t>NG 40's Quick setup\t\t\t\t\t\t\t\t\t\t\t<\/h3>\n\t\t\t\t\t\t\t\t\t\t\n\t\t\t\t\t\t\t\t\t\t\t\t\t\t\t\t\t\t\t\t\t<div class=\"sp-layer bsp-slide-excerpt\"\n\t\t\t\t\t\t\t\t\t\t\t\t\t\t\t\t\t\t\t\t\t\t\t\t data-show-transition=\"up\"\n\t\t\t\t\t\t\t\t\t\t\t\t\t data-hide-transition=\"up\"\n\t\t\t\t\t\t\t\t\t\t\t\t\t data-show-duration=\"1000\"\n\t\t\t\t\t\t\t\t\t\t\t\t\t data-show-delay=\"600\"\n\t\t\t\t\t\t\t\t\t\t\t\t\t data-hide-duration=\"1000\"\n\t\t\t\t\t\t\t\t\t\t\t\t\t data-hide-delay=\"0\"\n\t\t\t\t\t\t\t\t\t\t\t\t ><p>Simply unpack and you&#8217;re ready!<\/p>\t\t\t\t\t\t\t\t\t\t\t<\/div>\n\t\t\t\t\t\t\t\t\t\t\t\t\t\t\t\t\t\t\t\t\t\n\t\t\t\t\t\t\t\t\t\t\t\t\t\t\t\t\t\t\t<\/div>\n\t\t\t\t\t\t\t\t\t<!-- \/sp-slide-text -->\n\t\t\t\t\t\t\t\t<\/div><!-- .sp-slide-wrap -->\n\t\t\t\t\t\t\t<\/div><!-- .bsp-layers-overlay -->\n\t\t\t\t\t\t<\/div><!-- .sp-slide -->\n\t\t\t\t\t\t\t\t\t\t\t\t\t\t\t\t\t<div class=\"sp-slide sp-slide-2 sp-slide-type-Image  bsp-slide-content-right tf_w\" data-transition=\"slideRightFade\" data-duration=\"1\"  data-bg=\"https:\/\/niesenglass.eu\/wp-content\/uploads\/2024\/11\/Niesenglass-NG40-mobile-compact-glass-furnace-fits-in-a-van.jpg\">\n\t\t\t\t\t\t\t\t\t\t\t\t\t\t<div class=\"bsp-layers-overlay tf_rel tf_w\">\n\t\t\t\t\t\t\t\t<div class=\"sp-slide-wrap\">\n\t\t\t\t\t\t\t\t\t\t\t\t\t\t\t\t\t\t<div class=\"sp-slide-text tf_box\">\n\t\t\t\t\t\t\t\t\t\t\t\t\t\t\t\t\t\t\t\t\t<h3 class=\"sp-layer bsp-slide-post-title\"\n\t\t\t\t\t\t\t\t\t\t\t\t\t\t\t\t\t\t\t\t\t\t\t\tdata-show-transition=\"up\"\n\t\t\t\t\t\t\t\t\t\t\t\t\tdata-hide-transition=\"up\"\n\t\t\t\t\t\t\t\t\t\t\t\t\tdata-show-duration=\"1000\"\n\t\t\t\t\t\t\t\t\t\t\t\t\tdata-show-delay=\"300\"\n\t\t\t\t\t\t\t\t\t\t\t\t\tdata-hide-duration=\"1000\"\n\t\t\t\t\t\t\t\t\t\t\t\t\tdata-hide-delay=\"0\"\n\t\t\t\t\t\t\t\t\t\t\t\t>NG 40 is compact\t\t\t\t\t\t\t\t\t\t\t<\/h3>\n\t\t\t\t\t\t\t\t\t\t\n\t\t\t\t\t\t\t\t\t\t\t\t\t\t\t\t\t\t\t\t\t<div class=\"sp-layer bsp-slide-excerpt\"\n\t\t\t\t\t\t\t\t\t\t\t\t\t\t\t\t\t\t\t\t\t\t\t\t data-show-transition=\"up\"\n\t\t\t\t\t\t\t\t\t\t\t\t\t data-hide-transition=\"up\"\n\t\t\t\t\t\t\t\t\t\t\t\t\t data-show-duration=\"1000\"\n\t\t\t\t\t\t\t\t\t\t\t\t\t data-show-delay=\"600\"\n\t\t\t\t\t\t\t\t\t\t\t\t\t data-hide-duration=\"1000\"\n\t\t\t\t\t\t\t\t\t\t\t\t\t data-hide-delay=\"0\"\n\t\t\t\t\t\t\t\t\t\t\t\t ><p>It fits in our Peugeot Expert small VAN!<\/p>\t\t\t\t\t\t\t\t\t\t\t<\/div>\n\t\t\t\t\t\t\t\t\t\t\t\t\t\t\t\t\t\t\t\t\t\n\t\t\t\t\t\t\t\t\t\t\t\t\t\t\t\t\t\t\t<\/div>\n\t\t\t\t\t\t\t\t\t<!-- \/sp-slide-text -->\n\t\t\t\t\t\t\t\t<\/div><!-- .sp-slide-wrap -->\n\t\t\t\t\t\t\t<\/div><!-- .bsp-layers-overlay -->\n\t\t\t\t\t\t<\/div><!-- .sp-slide -->\n\t\t\t\t\t\t\t\t\t\t\t\t\t\t\t\t\t<div class=\"sp-slide sp-slide-3 sp-slide-type-Image  bsp-slide-content-right tf_w\" data-transition=\"slideRightFade\" data-duration=\"1\"  data-bg=\"https:\/\/niesenglass.eu\/wp-content\/uploads\/2024\/11\/Niesenglass-NG40-mobile-glass-furnace-with-annealer-electric-pre-heater.jpg\">\n\t\t\t\t\t\t\t\t\t\t\t\t\t\t<div class=\"bsp-layers-overlay tf_rel tf_w\">\n\t\t\t\t\t\t\t\t<div class=\"sp-slide-wrap\">\n\t\t\t\t\t\t\t\t\t\t\t\t\t\t\t\t\t\t<div class=\"sp-slide-text tf_box\">\n\t\t\t\t\t\t\t\t\t\t\t\t\t\t\t\t\t\t\t\t\t<h3 class=\"sp-layer bsp-slide-post-title\"\n\t\t\t\t\t\t\t\t\t\t\t\t\t\t\t\t\t\t\t\t\t\t\t\tdata-show-transition=\"up\"\n\t\t\t\t\t\t\t\t\t\t\t\t\tdata-hide-transition=\"up\"\n\t\t\t\t\t\t\t\t\t\t\t\t\tdata-show-duration=\"1000\"\n\t\t\t\t\t\t\t\t\t\t\t\t\tdata-show-delay=\"300\"\n\t\t\t\t\t\t\t\t\t\t\t\t\tdata-hide-duration=\"1000\"\n\t\t\t\t\t\t\t\t\t\t\t\t\tdata-hide-delay=\"0\"\n\t\t\t\t\t\t\t\t\t\t\t\t>NG 40's electric 1.5kW pre-heater\t\t\t\t\t\t\t\t\t\t\t<\/h3>\n\t\t\t\t\t\t\t\t\t\t\n\t\t\t\t\t\t\t\t\t\t\t\t\t\t\t\t\t\t\t\t\t<div class=\"sp-layer bsp-slide-excerpt\"\n\t\t\t\t\t\t\t\t\t\t\t\t\t\t\t\t\t\t\t\t\t\t\t\t data-show-transition=\"up\"\n\t\t\t\t\t\t\t\t\t\t\t\t\t data-hide-transition=\"up\"\n\t\t\t\t\t\t\t\t\t\t\t\t\t data-show-duration=\"1000\"\n\t\t\t\t\t\t\t\t\t\t\t\t\t data-show-delay=\"600\"\n\t\t\t\t\t\t\t\t\t\t\t\t\t data-hide-duration=\"1000\"\n\t\t\t\t\t\t\t\t\t\t\t\t\t data-hide-delay=\"0\"\n\t\t\t\t\t\t\t\t\t\t\t\t ><p>This optional accessory will help you correctly preheat the furnace!<\/p>\t\t\t\t\t\t\t\t\t\t\t<\/div>\n\t\t\t\t\t\t\t\t\t\t\t\t\t\t\t\t\t\t\t\t\t\n\t\t\t\t\t\t\t\t\t\t\t\t\t\t\t\t\t\t\t<\/div>\n\t\t\t\t\t\t\t\t\t<!-- \/sp-slide-text -->\n\t\t\t\t\t\t\t\t<\/div><!-- .sp-slide-wrap -->\n\t\t\t\t\t\t\t<\/div><!-- .bsp-layers-overlay -->\n\t\t\t\t\t\t<\/div><!-- .sp-slide -->\n\t\t\t\t\t\t\t\t\t\t\t\t\t\t\t\t\t<div class=\"sp-slide sp-slide-4 sp-slide-type-Image  bsp-slide-content-right tf_w\" data-transition=\"slideRightFade\" data-duration=\"1\"  data-bg=\"https:\/\/niesenglass.eu\/wp-content\/uploads\/2024\/11\/Niesenglass-NG40-mobile-glass-furnace-with-annealer-one-package.jpg\">\n\t\t\t\t\t\t\t\t\t\t\t\t\t\t<div class=\"bsp-layers-overlay tf_rel tf_w\">\n\t\t\t\t\t\t\t\t<div class=\"sp-slide-wrap\">\n\t\t\t\t\t\t\t\t\t\t\t\t\t\t\t\t\t\t<div class=\"sp-slide-text tf_box\">\n\t\t\t\t\t\t\t\t\t\t\t\t\t\t\t\t\t\t\t\t\t<h3 class=\"sp-layer bsp-slide-post-title\"\n\t\t\t\t\t\t\t\t\t\t\t\t\t\t\t\t\t\t\t\t\t\t\t\tdata-show-transition=\"up\"\n\t\t\t\t\t\t\t\t\t\t\t\t\tdata-hide-transition=\"up\"\n\t\t\t\t\t\t\t\t\t\t\t\t\tdata-show-duration=\"1000\"\n\t\t\t\t\t\t\t\t\t\t\t\t\tdata-show-delay=\"300\"\n\t\t\t\t\t\t\t\t\t\t\t\t\tdata-hide-duration=\"1000\"\n\t\t\t\t\t\t\t\t\t\t\t\t\tdata-hide-delay=\"0\"\n\t\t\t\t\t\t\t\t\t\t\t\t>Are you ready to buy one?\t\t\t\t\t\t\t\t\t\t\t<\/h3>\n\t\t\t\t\t\t\t\t\t\t\n\t\t\t\t\t\t\t\t\t\t\t\t\t\t\t\t\t\t\t\t\t<div class=\"sp-layer bsp-slide-excerpt\"\n\t\t\t\t\t\t\t\t\t\t\t\t\t\t\t\t\t\t\t\t\t\t\t\t data-show-transition=\"up\"\n\t\t\t\t\t\t\t\t\t\t\t\t\t data-hide-transition=\"up\"\n\t\t\t\t\t\t\t\t\t\t\t\t\t data-show-duration=\"1000\"\n\t\t\t\t\t\t\t\t\t\t\t\t\t data-show-delay=\"600\"\n\t\t\t\t\t\t\t\t\t\t\t\t\t data-hide-duration=\"1000\"\n\t\t\t\t\t\t\t\t\t\t\t\t\t data-hide-delay=\"0\"\n\t\t\t\t\t\t\t\t\t\t\t\t ><p>We&#8217;re your reliable partner in the glass world. <br \/>Be sure we&#8217;ll never leave you unsupported!<\/p>\t\t\t\t\t\t\t\t\t\t\t<\/div>\n\t\t\t\t\t\t\t\t\t\t\t\t\t\t\t\t\t\t\t\t\t\n\t\t\t\t\t\t\t\t\t\t\t\t\t\t\t\t\t\t\t\t\t\t\t\t\t\t\t\t\t\t\t\t\t<a  class=\"sp-layer bsp-slide-button\" href=\"#\"\t\t\t\t\t\t\t\t\t\t\t\t\t\t\t\t\t\t\t\t\t\t\t\t\t\t\tdata-show-transition=\"up\"\n\t\t\t\t\t\t\t\t\t\t\t\t\t\tdata-hide-transition=\"up\"\n\t\t\t\t\t\t\t\t\t\t\t\t\t\tdata-show-duration=\"1000\"\n\t\t\t\t\t\t\t\t\t\t\t\t\t\tdata-show-delay=\"900\"\n\t\t\t\t\t\t\t\t\t\t\t\t\t\tdata-hide-duration=\"1000\"\n\t\t\t\t\t\t\t\t\t\t\t\t\t\tdata-hide-delay=\"0\"\n\t\t\t\t\t\t\t\t\t\t\t\t\t\t\t\t\t\t\t\t\t\t\t\t\t\t>\n\t\t\t\t\t\t\t\t\t\t\t\t\t\t\t\t\t\t\t\t\t\t\t\t\t\t\t\t<i><svg  class=\"tf_fa tf-ti-heart\" aria-hidden=\"true\"><use href=\"#tf-ti-heart\"><\/use><\/svg><\/i>\n\t\t\t\t\t\t\t\t\t\t\t\t\t\t\t\t\t\t\t\t\t\t\t\t\t\tContact us\t\t\t\t\t\t\t\t\t\t\t\t<\/a>\n\t\t\t\t\t\t\t\t\t\t\t\t\t\t\t\t\t\t\t\t\t\t\t\t\t\t\t\t\t\t\t\t\t\t\t\t\t\t\t\t\t\t<\/div>\n\t\t\t\t\t\t\t\t\t<!-- \/sp-slide-text -->\n\t\t\t\t\t\t\t\t<\/div><!-- .sp-slide-wrap -->\n\t\t\t\t\t\t\t<\/div><!-- .bsp-layers-overlay -->\n\t\t\t\t\t\t<\/div><!-- .sp-slide -->\n\t\t\t\t\t\t\t\t\t<\/div><!-- .sp-slides -->\n\t\t\t<\/div>\n\t\t\t\t\t\t\t<div class=\"sp-buttons tf_w\">\n\t\t\t\t\t\t\t\t\t\t\t\t\t\t\t\t\t\t<div class=\"sp-button tf_box sp-selected-button\"><\/div>\n\t\t\t\t\t\t\t\t\t\t\t\t\t<div class=\"sp-button tf_box\"><\/div>\n\t\t\t\t\t\t\t\t\t\t\t\t\t<div class=\"sp-button tf_box\"><\/div>\n\t\t\t\t\t\t\t\t\t\t\t\t\t<div class=\"sp-button tf_box\"><\/div>\n\t\t\t\t\t\t\t\t\t\t\t\t\t<div class=\"sp-button tf_box\"><\/div>\n\t\t\t\t\t\t\t\t\t\t\t\t\t\t\t<\/div>\n\t\t\t\t\t<\/div><!-- .slider-pro -->\n\t\t<style>\n.tb_buvh75 .sp-slide-0:before{background-color:rgba(0,0,0, 0.51)}\n.tb_buvh75 .sp-slide-0 .bsp-slide-excerpt,.tb_buvh75 .sp-slide-0 .bsp-slide-excerpt p,.tb_buvh75 .sp-slide-0 .sp-slide-text .bsp-slide-post-title{color:#ffffff}\n.tb_buvh75 .sp-slide-1:before{background-color:rgba(0,0,0, 0.51)}\n.tb_buvh75 .sp-slide-1 .bsp-slide-excerpt,.tb_buvh75 .sp-slide-1 .bsp-slide-excerpt p,.tb_buvh75 .sp-slide-1 .sp-slide-text .bsp-slide-post-title{color:#ffffff}\n.tb_buvh75 .sp-slide-2:before{background-color:rgba(0,0,0, 0.51)}\n.tb_buvh75 .sp-slide-2 .bsp-slide-excerpt,.tb_buvh75 .sp-slide-2 .bsp-slide-excerpt p,.tb_buvh75 .sp-slide-2 .sp-slide-text .bsp-slide-post-title{color:#ffffff}\n.tb_buvh75 .sp-slide-3:before{background-color:rgba(0,0,0, 0.51)}\n.tb_buvh75 .sp-slide-3 .bsp-slide-excerpt,.tb_buvh75 .sp-slide-3 .bsp-slide-excerpt p,.tb_buvh75 .sp-slide-3 .sp-slide-text .bsp-slide-post-title{color:#ffffff}\n.tb_buvh75 .sp-slide-4:before{background-color:rgba(0,0,0, 0.51)}\n.tb_buvh75 .sp-slide-4 .bsp-slide-excerpt,.tb_buvh75 .sp-slide-4 .bsp-slide-excerpt p,.tb_buvh75 .sp-slide-4 .sp-slide-text .bsp-slide-post-title{color:#ffffff}\n.tb_buvh75 .sp-slide-4 a.bsp-slide-button{color:#ffffff}\n.tb_buvh75 .sp-slide-4 a.bsp-slide-button{background-color:rgba(0,0,0, 0)}\n<\/style><\/div>\n<!-- \/Slider Pro module -->\n        <\/div>\n                        <\/div>\n        <\/div>\n                        <div  data-lazy=\"1\" class=\"module_row themify_builder_row tb_ay4i415 tf_w\">\n                        <div class=\"row_inner col_align_top tb_col_count_1 tf_box tf_rel\">\n                        <div  data-lazy=\"1\" class=\"module_column tb-column col-full tb_14gu415 first\">\n                            <div  data-lazy=\"1\" class=\"module_subrow themify_builder_sub_row tf_w col_align_top tb_col_count_2 tb_3sws608\">\n                <div  data-lazy=\"1\" class=\"module_column sub_column col4-2 tb_lt1c608 first\">\n                    <!-- module fancy heading -->\n<div  class=\"module module-fancy-heading tb_cx87180 \" data-lazy=\"1\">\n        <h1 class=\"fancy-heading\">\n    <span class=\"main-head tf_block\">\n                                <\/span>\n\n    \n    <span class=\"sub-head tf_block tf_rel\">\n                    Merkmale des NG 40:            <\/span>\n    <\/h1>\n<\/div>\n<!-- \/module fancy heading -->\n<!-- module text -->\n<div  class=\"module module-text tb_7azj726   \" data-lazy=\"1\">\n        <div  class=\"tb_text_wrap\">\n        <ul><li>Tiegelvolumen: 12 l (25\u201330 kg Glas)<\/li><li>Brennstoff: Propan\/LPG<\/li><li>Brennerleistung: 50 kW<\/li><li>Gasdruck: 35 mBar<\/li><li>Gasverbrauch: 0,8\u20132,5 kg Gas\/Std.<\/li><li>Maximale Temperatur: 1300 \u00b0C<\/li><li>Durchmesser der Arbeits\u00f6ffnung: 22,5 cm<\/li><li>Kronentiefe: 40+ cm<\/li><li>Spannung: 230 V, 50 Hz (36 Watt Luftgebl\u00e4se + 100 Watt Steuerung)<\/li><li>UV-Flammenerkennung<\/li><li>Automatische Piezoz\u00fcndung<\/li><li>Automatische Temperaturregelung<\/li><li>Automatischer Start<\/li><li>Manuelle Gas- und Luftregelungsoption<\/li><li>Temperaturregelung K\u00fchlofen<\/li><li>Gewicht: 200 kg<\/li><li>Gr\u00f6\u00dfe: 1050 x 1100 x 1200 mm hoch<\/li><\/ul>    <\/div>\n<\/div>\n<!-- \/module text --><!-- module fancy heading -->\n<div  class=\"module module-fancy-heading tb_oqka896 \" data-lazy=\"1\">\n        <h1 class=\"fancy-heading\">\n    <span class=\"main-head tf_block\">\n                                <\/span>\n\n    \n    <span class=\"sub-head tf_block tf_rel\">\n                     Empfohlene Ausr\u00fcstung und Ersatzteile:            <\/span>\n    <\/h1>\n<\/div>\n<!-- \/module fancy heading -->\n<!-- module text -->\n<div  class=\"module module-text tb_ajfq896   \" data-lazy=\"1\">\n        <div  class=\"tb_text_wrap\">\n        <ul><li>Elektrisches Vorheizset 230 V: 280 \u20ac<\/li><li>Ersatztiegel: 380 \u20ac<\/li><li>Ersatzobere Hemisphere: 600 \u20ac<\/li><li>Ersatzt\u00fcr: 200 \u20ac<\/li><li>Erstzplatte f\u00fcr K\u00fchlofen: 200 \u20ac<\/li><li>T-St\u00fcck f\u00fcr den Anschluss von 2 Gasflaschen 160 \u20ac<\/li><\/ul>    <\/div>\n<\/div>\n<!-- \/module text --><!-- module fancy heading -->\n<div  class=\"module module-fancy-heading tb_dteq923 \" data-lazy=\"1\">\n        <h1 class=\"fancy-heading\">\n    <span class=\"main-head tf_block\">\n                                <\/span>\n\n    \n    <span class=\"sub-head tf_block tf_rel\">\n                    Weitere Fakten:            <\/span>\n    <\/h1>\n<\/div>\n<!-- \/module fancy heading -->\n<!-- module text -->\n<div  class=\"module module-text tb_yk3m923   \" data-lazy=\"1\">\n        <div  class=\"tb_text_wrap\">\n        <p>Der Ofen ist NICHT zum Schmelzen von Rohglas geeignet!<\/p><p>Garantie auf das Gesamtpaket: 24 Monate*<br \/>Garantie auf den Schmelztiegel und andere Verbrauchsmaterialien: 6 Monate oder 20-malige Verwendung.<\/p><p>* Die Garantie auf den Glasofen betr\u00e4gt 2 Jahre und gilt nach Abschluss des <a href=\"https:\/\/niesenglass.eu\/products\/training-workshops\/\">Workshops zu Betrieb und Wartung in vollem Umfang<\/a>.<\/p><p>Alle \u00d6fen und Ger\u00e4te sind gem\u00e4\u00df den EU-Richtlinien 2001\/95\/EG und 2006\/42\/EG sicher. Elektrische Normen EN 60204-1 und Gassicherheitsanforderungen EN 746-2.<\/p>    <\/div>\n<\/div>\n<!-- \/module text -->        <\/div>\n                    <div  data-lazy=\"1\" class=\"module_column sub_column col4-2 tb_q66u608 last\">\n                    <!-- module fancy heading -->\n<div  class=\"module module-fancy-heading tb_sy2c649 \" data-lazy=\"1\">\n        <h1 class=\"fancy-heading\">\n    <span class=\"main-head tf_block\">\n                                <\/span>\n\n    \n    <span class=\"sub-head tf_block tf_rel\">\n                    NG 40-K\u00fchlofen:            <\/span>\n    <\/h1>\n<\/div>\n<!-- \/module fancy heading -->\n<!-- module text -->\n<div  class=\"module module-text tb_r8oy937   \" data-lazy=\"1\">\n        <div  class=\"tb_text_wrap\">\n        <ul><li>Innenma\u00dfe: 650 x 400 x 500 mm<\/li><li>Au\u00dfenma\u00dfe: 930 x 570 x 710 mm<\/li><li>Haupts\u00e4chlich durch Abw\u00e4rme des NG40-Ofens beheizt<\/li><li>Elektrische Temperaturunterst\u00fctzung: 1,5 kW, 230 V, 50 Hz<\/li><li>Temperaturregelung<\/li><li>Variable Regalpositionierung<\/li><li>Gewicht: 60 kg<\/li><\/ul>    <\/div>\n<\/div>\n<!-- \/module text --><!-- module text -->\n<div  class=\"module module-text tb_yi8g60   \" data-lazy=\"1\">\n        <div  class=\"tb_text_wrap\">\n        <h3>NG40 ist das einzige Original und wurde von Niesenglass in Zusammenarbeit mit seinem Erfinder, <a href=\"https:\/\/www.liederhaus.cz\/\" target=\"_blank\" rel=\"noopener\">Herrn Miroslav Liederhaus<\/a>, hergestellt.<\/h3>\n    <\/div>\n<\/div>\n<!-- \/module text --><!-- module image -->\n<div  class=\"module module-image tb_6g3w447 image-top   tf_mw\" data-lazy=\"1\">\n        <div class=\"image-wrap tf_rel tf_mw\">\n            <img loading=\"lazy\" decoding=\"async\" width=\"592\" height=\"960\" src=\"https:\/\/niesenglass.eu\/wp-content\/uploads\/2024\/11\/Niesenglass-NG40-with-Miroslav-Liederhaus.jpg\" class=\"wp-post-image wp-image-712\" title=\"Niesenglass NG40 with Miroslav Liederhaus\" alt=\"Niesenglass NG40 with Miroslav Liederhaus\" srcset=\"https:\/\/niesenglass.eu\/wp-content\/uploads\/2024\/11\/Niesenglass-NG40-with-Miroslav-Liederhaus.jpg 592w, https:\/\/niesenglass.eu\/wp-content\/uploads\/2024\/11\/Niesenglass-NG40-with-Miroslav-Liederhaus-185x300.jpg 185w\" sizes=\"auto, (max-width: 592px) 100vw, 592px\" \/>    \n        <\/div>\n    <!-- \/image-wrap -->\n    \n        <\/div>\n<!-- \/module image -->        <\/div>\n                    <\/div>\n                <\/div>\n                        <\/div>\n        <\/div>\n                        <div  data-lazy=\"1\" class=\"module_row themify_builder_row tb_fk0968 tf_w\">\n                        <div class=\"row_inner col_align_top tb_col_count_2 tf_box tf_rel\">\n                        <div  data-lazy=\"1\" class=\"module_column tb-column col4-2 tb_csv5923 first\">\n                    <!-- module fancy heading -->\n<div  class=\"module module-fancy-heading tb_ayur923 \" data-lazy=\"1\">\n        <h1 class=\"fancy-heading\">\n    <span class=\"main-head tf_block\">\n                                <\/span>\n\n    \n    <span class=\"sub-head tf_block tf_rel\">\n                    Zahlung und Lieferung:            <\/span>\n    <\/h1>\n<\/div>\n<!-- \/module fancy heading -->\n<!-- module text -->\n<div  class=\"module module-text tb_d4l7923   \" data-lazy=\"1\">\n        <div  class=\"tb_text_wrap\">\n        <p><strong>Zahlungsbedingungen:<\/strong><br \/>Anzahlung: Eine Anzahlung von 50 % des Gesamtpreises ist im Voraus erforderlich.<br \/>Restbetrag: Die restlichen 50 % des Gesamtpreises sind bei der Lieferung f\u00e4llig.<\/p><p><strong>Lieferdetails:<\/strong><br \/>Die Lieferung umfasst immer einen Ersatztiegel, eine 2. T\u00fcr und ein elektrisches Vorw\u00e4rmset. Au\u00dferdem einen eint\u00e4gigen Workshop zur Verwendung und Wartung des Ofens.<br \/>Zus\u00e4tzliche Kosten f\u00fcr Anfahrtt und Unterkunft des Technikers, der den Workshop durchf\u00fchrt zu ber\u00fccksichtigen.<\/p><p><strong>Lieferzeiten:<\/strong><br \/>Die Lieferzeit betr\u00e4gt ca. 10 Wochen ab Zahlung der Anzahlung von 50 %.<\/p><p>Die angegebenen Preise verstehen sich ohne Mehrwertsteuer und Versandkosten.<\/p><p>F\u00fcr weitere Informationen zu Ratenzahlungsoptionen und Lieferzeiten kontaktieren Sie uns bitte unter <a href=\"mailto:tech@niesenglass.eu\">tech@niesenglass.eu<\/a>. Wir beantworten gerne Ihre Fragen und geben Ihnen weitere Ausk\u00fcnfte.<\/p>    <\/div>\n<\/div>\n<!-- \/module text -->        <\/div>\n                    <div  data-lazy=\"1\" class=\"module_column tb-column col4-2 tb_fqxr896 last\">\n                            <\/div>\n                        <\/div>\n        <\/div>\n        <\/div>\n<!--\/themify_builder_content-->","protected":false},"excerpt":{"rendered":"<p>Mobile NG 40Unser all-in-one baby Die NG40 ist ein mobiles Glasstudio, das von Miroslav Liederhaus entwickelt und von Niesenglass EU vertrieben wird. Dieses innovative Glasstudio dient nicht nur als traditioneller Glasofen, sondern auch als R\u00fcckw\u00e4rmtrommel, Schmelzofen, Pfeifenw\u00e4rmer und verf\u00fcgt \u00fcber eine angebaute W\u00e4lzplatte. Die neue Mark II-Version verf\u00fcgt \u00fcber ein online gesteuertes Brennersystem, das maximale [&hellip;]<\/p>\n","protected":false},"author":2,"featured_media":0,"parent":0,"menu_order":0,"comment_status":"closed","ping_status":"closed","template":"","meta":{"footnotes":""},"class_list":["post-744","page","type-page","status-publish","hentry","has-post-title","has-post-date","has-post-category","has-post-tag","has-post-comment","has-post-author",""],"_links":{"self":[{"href":"https:\/\/niesenglass.eu\/de\/wp-json\/wp\/v2\/pages\/744","targetHints":{"allow":["GET"]}}],"collection":[{"href":"https:\/\/niesenglass.eu\/de\/wp-json\/wp\/v2\/pages"}],"about":[{"href":"https:\/\/niesenglass.eu\/de\/wp-json\/wp\/v2\/types\/page"}],"author":[{"embeddable":true,"href":"https:\/\/niesenglass.eu\/de\/wp-json\/wp\/v2\/users\/2"}],"replies":[{"embeddable":true,"href":"https:\/\/niesenglass.eu\/de\/wp-json\/wp\/v2\/comments?post=744"}],"version-history":[{"count":8,"href":"https:\/\/niesenglass.eu\/de\/wp-json\/wp\/v2\/pages\/744\/revisions"}],"predecessor-version":[{"id":752,"href":"https:\/\/niesenglass.eu\/de\/wp-json\/wp\/v2\/pages\/744\/revisions\/752"}],"wp:attachment":[{"href":"https:\/\/niesenglass.eu\/de\/wp-json\/wp\/v2\/media?parent=744"}],"curies":[{"name":"wp","href":"https:\/\/api.w.org\/{rel}","templated":true}]}}