{"id":765,"date":"2024-11-08T12:57:39","date_gmt":"2024-11-08T12:57:39","guid":{"rendered":"https:\/\/niesenglass.eu\/studio-ng-photon\/"},"modified":"2025-02-14T12:04:30","modified_gmt":"2025-02-14T12:04:30","slug":"studio-ng-photon","status":"publish","type":"page","link":"https:\/\/niesenglass.eu\/de\/studio-ng-photon\/","title":{"rendered":"Studio NG Photon"},"content":{"rendered":"<!--themify_builder_content-->\n<div id=\"themify_builder_content-765\" data-postid=\"765\" class=\"themify_builder_content themify_builder_content-765 themify_builder tf_clear\">\n                    <div  data-lazy=\"1\" class=\"module_row themify_builder_row tb_yfxg249 tb_first tf_w\">\n                        <div class=\"row_inner col_align_top tb_col_count_1 tf_box tf_rel\">\n                        <div  data-lazy=\"1\" class=\"module_column tb-column col-full tb_ecx4249 first\">\n                            <div  data-lazy=\"1\" class=\"module_subrow themify_builder_sub_row tf_w col_align_top tb_col_count_2 tb_efar249\">\n                <div  data-lazy=\"1\" class=\"module_column sub_column col4-2 tb_ehzr249 first\">\n                    <!-- module image -->\n<div  class=\"module module-image tb_xavs249 image-top   tf_mw\" data-lazy=\"1\">\n        <div class=\"image-wrap tf_rel tf_mw\">\n            <img loading=\"lazy\" decoding=\"async\" width=\"568\" height=\"583\" src=\"https:\/\/niesenglass.eu\/wp-content\/uploads\/2024\/11\/Nieseglass-NG-Photon-electric-glass-furnace.jpeg\" class=\"wp-post-image wp-image-729\" title=\"Nieseglass NG Photon electric glass furnace\" alt=\"Nieseglass NG Photon electric glass furnace\" srcset=\"https:\/\/niesenglass.eu\/wp-content\/uploads\/2024\/11\/Nieseglass-NG-Photon-electric-glass-furnace.jpeg 568w, https:\/\/niesenglass.eu\/wp-content\/uploads\/2024\/11\/Nieseglass-NG-Photon-electric-glass-furnace-292x300.jpeg 292w\" sizes=\"auto, (max-width: 568px) 100vw, 568px\" \/>    \n        <\/div>\n    <!-- \/image-wrap -->\n    \n        <\/div>\n<!-- \/module image -->        <\/div>\n                    <div  data-lazy=\"1\" class=\"module_column sub_column col4-2 tb_rzno249 last\">\n                    <!-- module fancy heading -->\n<div  class=\"module module-fancy-heading tb_vyo5249 \" data-lazy=\"1\">\n        <h1 class=\"fancy-heading\">\n    <span class=\"main-head tf_block\">\n                    Studio NG Photon            <\/span>\n\n    \n    <span class=\"sub-head tf_block tf_rel\">\n                    unser Big Boy            <\/span>\n    <\/h1>\n<\/div>\n<!-- \/module fancy heading -->\n<!-- module text -->\n<div  class=\"module module-text tb_inih249   \" data-lazy=\"1\">\n        <div  class=\"tb_text_wrap\">\n        <p>Der fortschrittliche NG-Photon-Studioglasofen, der die Bed\u00fcrfnisse der heutigen Glasmacher widerspiegelt &#8230;<\/p><h3>Verf\u00fcgbar ab Mitte 2025.<\/h3><p>Der Ofen ist auch zum R\u00fcckw\u00e4rmen des Glases verwendbar. Wirtschaftlicher, sicherer und vollautomatischer Betrieb mit vollst\u00e4ndiger Online-Steuerung und -Bedienung \u00fcber eine mobile App oder einen PC. Die maximale Leistung des Ofens betr\u00e4gt 25 kW\/h bei einem durchschnittlichen Verbrauch von 5-15 kW\/h.<\/p>    <\/div>\n<\/div>\n<!-- \/module text --><!-- module fancy heading -->\n<div  class=\"module module-fancy-heading tb_yxp3183 \" data-lazy=\"1\">\n        <h1 class=\"fancy-heading\">\n    <span class=\"main-head tf_block\">\n                                <\/span>\n\n    \n    <span class=\"sub-head tf_block tf_rel\">\n                    Der Ofen hat eine dreieckige Grundfl\u00e4che, sodass er in einer Ecke des Raums aufgestellt werden kann.            <\/span>\n    <\/h1>\n<\/div>\n<!-- \/module fancy heading -->\n        <\/div>\n                    <\/div>\n                <\/div>\n                        <\/div>\n        <\/div>\n                        <div  data-lazy=\"1\" class=\"module_row themify_builder_row tb_o387785 tf_w\">\n                        <div class=\"row_inner col_align_top tb_col_count_2 tf_box tf_rel\">\n                        <div  data-lazy=\"1\" class=\"module_column tb-column col-full tb_q624785 first\">\n                    <!-- module fancy heading -->\n<div  class=\"module module-fancy-heading tb_yfhr785 \" data-lazy=\"1\">\n        <h1 class=\"fancy-heading\">\n    <span class=\"main-head tf_block\">\n                    Schl\u00fcsselideen            <\/span>\n\n    \n    <span class=\"sub-head tf_block tf_rel\">\n                    unsere Intentionen            <\/span>\n    <\/h1>\n<\/div>\n<!-- \/module fancy heading -->\n<!-- module text -->\n<div  class=\"module module-text tb_l3sh775   \" data-lazy=\"1\">\n        <div  class=\"tb_text_wrap\">\n        <h3>Kompakt und wirtschaftlich:<\/h3><p>Der NG-Photon-Ofen vereint alles in einem kompakten Ofengeh\u00e4use. Er ist sowohl Ofen als auch R\u00fcckw\u00e4rmtrommel, wodurch zus\u00e4tzliche Kosten entfallen. Der NG-Photon-Ofen ist in erster Linie auf den wirtschaftlichsten Betrieb, die einfachste Wartung und Sicherheit ausgelegt und muss im Gegensatz zu herk\u00f6mmlichen Gas\u00f6fen nicht st\u00e4ndig \u00fcberwacht werden.<\/p>    <\/div>\n<\/div>\n<!-- \/module text -->        <\/div>\n                    <div  data-lazy=\"1\" class=\"module_column tb-column col4-2 tb_66b0477 last\">\n                    <!-- module callout -->\n<div  class=\"module ui module-callout tb_wrlf556  black  \" data-lazy=\"1\">\n    \n    <div class=\"callout-inner\">\n    <div class=\"callout-content tf_left\">\n        <h3 class=\"callout-heading\">Special Offer for the first 5 orders: -15% discount<\/h3>\n        <div class=\"tb_text_wrap\">\n            We offer the option to pay for the furnace in installments based on individually selected terms that best suit your needs. However, a 50% deposit must be paid in advance.         <\/div>\n    <\/div>\n    <!-- \/callout-content -->\n                    <div class=\"callout-button tf_right tf_textr\">\n            <a href=\"https:\/\/niesenglass.eu\/contact\/\" class=\"ui builder_button rounded blue\">\n                <span class=\"tb_callout_text\">Sounds good!<\/span>\n            <\/a>\n        <\/div>\n            <\/div>\n    <!-- \/callout-content -->\n<\/div>\n<!-- \/module callout -->\n        <\/div>\n                        <\/div>\n        <\/div>\n                        <div  data-lazy=\"1\" class=\"module_row themify_builder_row tb_rqhw17 tf_w\">\n                        <div class=\"row_inner col_align_top tb_col_count_1 tf_box tf_rel\">\n                        <div  data-lazy=\"1\" class=\"module_column tb-column col-full tb_k6tm17 first\">\n                    <!-- module text -->\n<div  class=\"module module-text tb_rq6n17   \" data-lazy=\"1\">\n        <div  class=\"tb_text_wrap\">\n        <h3>Kompakt und wirtschaftlich:<\/h3><p>Der NG-Photon-Ofen vereint alles in einem kompakten Ofengeh\u00e4use. Er ist sowohl Ofen als auch R\u00fcckw\u00e4rmtrommel, wodurch zus\u00e4tzliche Kosten entfallen. Der NG-Photon-Ofen ist in erster Linie auf den wirtschaftlichsten Betrieb, die einfachste Wartung und Sicherheit ausgelegt und muss im Gegensatz zu herk\u00f6mmlichen Gas\u00f6fen nicht st\u00e4ndig \u00fcberwacht werden.<\/p><h3>Verwendete fortschrittliche Materialien:<\/h3><p>Der Ofen kann je nach Bedarf ein- und ausgeschaltet werden, was bisher nicht \u00fcblich war. Dies wird durch die modernsten feuerfesten Materialien erm\u00f6glicht, die speziell f\u00fcr Elektro\u00f6fen entwickelt wurden. Sie vertragen Temperaturschwankungen viel besser und haben eine<strong> thermische Toleranz von 1700+ \u00b0C<\/strong>, was auch die maximale Temperatur der Heizelemente von Kanthal ist. Die neuen Materialien zeichnen sich auch durch eine h\u00f6here Korrosionsbest\u00e4ndigkeit gegen\u00fcber Materialien aus, die beim Schmelzen von Glasgemenge entstehen.<\/p><h3>Platzsparendes Design:<\/h3><p>Der Ofen hat sehr kompakte Abmessungen. Er ist etwa ein Drittel kleiner als vergleichbare \u00d6fen. Die Grundfl\u00e4che des Ofens ist dreieckig, sodass er in einer Ecke des Raums platziert werden kann und so wenig Platz wie m\u00f6glich einnimmt. Ein freistehender Tiegel mit den Abmessungen 40 x 40 und 28 Litern kann etwa 55 bis 60 kg Glas pro Tag verarbeiten.<\/p><h3>Offen f\u00fcr andere Verbrauchsmaterialien:<\/h3><p>Tiegel von Rath, Magma ceramic, Keramo Plus, Fastner usw. k\u00f6nnen problemlos verwendet werden. Das Auswechseln eines Tiegels in einem NG-Photonenofen ist sehr einfach.<br \/>Die gesamte Vorderseite des Ofens steht frei auf Rollen und kann zur Seite geschoben werden, sodass ein uneingeschr\u00e4nkter Zugang zum Ofen f\u00fcr einen einfachen Tiegelwechsel und eine einfache Grundwartung m\u00f6glich ist.<\/p><h3>kein Schornstein n\u00f6tig:<\/h3><p>Der NG-Photonenofen ben\u00f6tigt keinen <strong>Schornstein<\/strong>. Im Ofen herrscht kein Verbrennungsgasdruck und es besteht keine Gefahr, dass W\u00e4rme aus dem Ofenk\u00f6rper entweicht, sodass er sich auch f\u00fcr <strong>geschlossene historische Geb\u00e4ude<\/strong> usw. eignet.<\/p><h3>einfache Bedienung:<\/h3><p>Der Ofen ist leise und arbeitet vollautomatisch. F\u00fcr den Betrieb des Ofens ist kein speziell geschultes Personal erforderlich. Der Ofen kann sich selbst aufheizen und verf\u00fcgt \u00fcber ein automatisches Schmelzprogramm. Der Ofen kann online per mobiler App oder auf einem PC \u00fcberwacht und bedient werden.<\/p><h3>erstklassige Qualit\u00e4t:<\/h3><p>Alle Komponenten f\u00fcr den Bau der \u00d6fen stammen von lokalen Lieferanten, wodurch ein schneller, stabiler und hochwertiger Service gew\u00e4hrleistet ist. Die \u00d6fen werden gem\u00e4\u00df den EU-Sicherheitsnormen f\u00fcr elektrische Ger\u00e4te gebaut. Die Produktion, der Service und der Verkauf der \u00d6fen werden von unserer Muttergesellschaft, Niesenglass Switzerland GmbH, durchgef\u00fchrt.<\/p>    <\/div>\n<\/div>\n<!-- \/module text -->        <\/div>\n                        <\/div>\n        <\/div>\n        <\/div>\n<!--\/themify_builder_content-->","protected":false},"excerpt":{"rendered":"<p>Studio NG Photonour Big Boy The most advanced NG photon studio glass furnace that reflects the needs of today&#8217;s glassmakers&#8230; Available from mid-2025. The furnace is also a Glory hole. Economical, safe and fully automatic operation with complete control and management online via mobile app or pc. The maximum output of the furnace is 25 [&hellip;]<\/p>\n","protected":false},"author":2,"featured_media":0,"parent":0,"menu_order":2,"comment_status":"closed","ping_status":"closed","template":"","meta":{"footnotes":""},"class_list":["post-765","page","type-page","status-publish","hentry","has-post-title","has-post-date","has-post-category","has-post-tag","has-post-comment","has-post-author",""],"_links":{"self":[{"href":"https:\/\/niesenglass.eu\/de\/wp-json\/wp\/v2\/pages\/765","targetHints":{"allow":["GET"]}}],"collection":[{"href":"https:\/\/niesenglass.eu\/de\/wp-json\/wp\/v2\/pages"}],"about":[{"href":"https:\/\/niesenglass.eu\/de\/wp-json\/wp\/v2\/types\/page"}],"author":[{"embeddable":true,"href":"https:\/\/niesenglass.eu\/de\/wp-json\/wp\/v2\/users\/2"}],"replies":[{"embeddable":true,"href":"https:\/\/niesenglass.eu\/de\/wp-json\/wp\/v2\/comments?post=765"}],"version-history":[{"count":5,"href":"https:\/\/niesenglass.eu\/de\/wp-json\/wp\/v2\/pages\/765\/revisions"}],"predecessor-version":[{"id":767,"href":"https:\/\/niesenglass.eu\/de\/wp-json\/wp\/v2\/pages\/765\/revisions\/767"}],"wp:attachment":[{"href":"https:\/\/niesenglass.eu\/de\/wp-json\/wp\/v2\/media?parent=765"}],"curies":[{"name":"wp","href":"https:\/\/api.w.org\/{rel}","templated":true}]}}