{"id":782,"date":"2024-11-08T12:57:54","date_gmt":"2024-11-08T12:57:54","guid":{"rendered":"https:\/\/niesenglass.eu\/contact\/"},"modified":"2024-11-08T12:57:54","modified_gmt":"2024-11-08T12:57:54","slug":"contact","status":"publish","type":"page","link":"https:\/\/niesenglass.eu\/de\/contact\/","title":{"rendered":"Contact"},"content":{"rendered":"<!--themify_builder_content-->\n<div id=\"themify_builder_content-782\" data-postid=\"782\" class=\"themify_builder_content themify_builder_content-782 themify_builder tf_clear\">\n                    <div  data-lazy=\"1\" class=\"module_row themify_builder_row tb_a34v190 tb_first tf_w\">\n                        <div class=\"row_inner col_align_top tb_col_count_2 tf_box tf_rel\">\n                        <div  data-lazy=\"1\" class=\"module_column tb-column col4-2 tb_xwln190 first\">\n                    <!-- module fancy heading -->\n<div  class=\"module module-fancy-heading tb_qobe125 \" data-lazy=\"1\">\n        <h1 class=\"fancy-heading\">\n    <span class=\"main-head tf_block\">\n                    Contact            <\/span>\n\n    \n    <span class=\"sub-head tf_block tf_rel\">\n                    Niesenglass EU            <\/span>\n    <\/h1>\n<\/div>\n<!-- \/module fancy heading -->\n<!-- module text -->\n<div  class=\"module module-text tb_x25921   \" data-lazy=\"1\">\n        <div  class=\"tb_text_wrap\">\n        <p>Sokolovsk\u00e1 428\/130,<br \/>Praha 8 \u2013 Karl\u00edn, 186 00 Praha 86, Czech Republic<br \/>I\u010cO: 17162106<br \/>(VAT) DI\u010c: CZ686023583<\/p><p>Email:\u00a0<a href=\"mailto:tech@niesenglass.eu\">tech@niesenglass.eu<\/a><br \/>Phone:\u00a0<a href=\"tel:+41 76 22 999 75\">+41 76 22 999 75<\/a><\/p>    <\/div>\n<\/div>\n<!-- \/module text --><!-- module icon -->\n<div  class=\"module module-icon tb_imf9248  xlarge  icon_horizontal \" data-lazy=\"1\">\n            <div class=\"module-icon-item\">\n                            <a href=\"https:\/\/www.instagram.com\/niesenglass_tech\/\">\n                                                                    <em class=\"tf_box\" style=\"color:#f03b0e\"><svg  class=\"tf_fa tf-fab-instagram\" aria-hidden=\"true\"><use href=\"#tf-fab-instagram\"><\/use><\/svg><\/em>\n                                                                <\/a>\n                    <\/div>\n            <div class=\"module-icon-item\">\n                            <a href=\"https:\/\/www.facebook.com\/niesenglass\/\">\n                                                                    <em class=\"tf_box\" style=\"color:#f03b0e\"><svg  class=\"tf_fa tf-fab-facebook\" aria-hidden=\"true\"><use href=\"#tf-fab-facebook\"><\/use><\/svg><\/em>\n                                                                <\/a>\n                    <\/div>\n    <\/div>\n<!-- \/module icon -->\n<!-- module text -->\n<div  class=\"module module-text tb_oioy747   \" data-lazy=\"1\">\n        <div  class=\"tb_text_wrap\">\n        <p><strong>Niesenglass EU<\/strong> is a subsidiary of <strong>Niesenglass Switzerland GmbH<\/strong>, <br \/>Eichzun 4, 3800 Unterseen \/ Interlaken, Schweiz. <br \/>Vat No. CHE-338.977.761.<br \/>Web: <a href=\"https:\/\/niesenglass.ch\" target=\"_blank\" rel=\"noreferrer noopener\" data-type=\"link\" data-id=\"https:\/\/niesenglass.ch\">niesenglass.ch<\/a><\/p>    <\/div>\n<\/div>\n<!-- \/module text -->        <\/div>\n                    <div  data-lazy=\"1\" class=\"module_column tb-column col4-2 tb_5z5n190 last\">\n                    <!-- Slider Pro module -->\n<div  class=\"module module-pro-slider tb_qd6e634 pager-none pager-type-circle \" data-loop=\"1\" data-autoplay=\"2000\" data-hover-pause=\"none\" data-timer-bar=\"\" data-slider-width=\"\" data-slider-height=\"600\" data-touch-swipe-desktop=\"1\" data-touch-swipe-mobile=\"1\" data-lazy=\"1\">\n\t\t\t\t<div class=\"slider-pro tf_rel tf_hidden tf_lazy\">\n\t\t\t\t\t\t<div class=\"sp-mask tf_rel tf_overflow\" style=\"height:600px\">\n\t\t\t\t<div class=\"sp-slides tf_rel\">\n\t\t\t\t\t\t\t\t\t\t\t\t\t\t\t\t\t<div class=\"sp-slide sp-slide-0 sp-slide-type-Image  sp-selected bsp-slide-content-right tf_w\" data-transition=\"fade\" data-duration=\"4\"  data-bg=\"https:\/\/niesenglass.eu\/wp-content\/uploads\/2024\/11\/01-480x600.jpg\">\n\t\t\t\t\t\t\t\t\t\t\t\t\t\t<div class=\"bsp-layers-overlay tf_rel tf_w\">\n\t\t\t\t\t\t\t\t<div class=\"sp-slide-wrap\">\n\t\t\t\t\t\t\t\t\t\t\t\t\t\t\t\t\t\t<div class=\"sp-slide-text tf_box\">\n\t\t\t\t\t\t\t\t\t\t\n\t\t\t\t\t\t\t\t\t\t\n\t\t\t\t\t\t\t\t\t\t\t\t\t\t\t\t\t\t\t<\/div>\n\t\t\t\t\t\t\t\t\t<!-- \/sp-slide-text -->\n\t\t\t\t\t\t\t\t<\/div><!-- .sp-slide-wrap -->\n\t\t\t\t\t\t\t<\/div><!-- .bsp-layers-overlay -->\n\t\t\t\t\t\t<\/div><!-- .sp-slide -->\n\t\t\t\t\t\t\t\t\t\t\t\t\t\t\t\t\t<div class=\"sp-slide sp-slide-1 sp-slide-type-Image  bsp-slide-content-right tf_w\" data-transition=\"fade\" data-duration=\"4\"  data-bg=\"https:\/\/niesenglass.eu\/wp-content\/uploads\/2024\/11\/02-480x600.jpg\">\n\t\t\t\t\t\t\t\t\t\t\t\t\t\t<div class=\"bsp-layers-overlay tf_rel tf_w\">\n\t\t\t\t\t\t\t\t<div class=\"sp-slide-wrap\">\n\t\t\t\t\t\t\t\t\t\t\t\t\t\t\t\t\t\t<div class=\"sp-slide-text tf_box\">\n\t\t\t\t\t\t\t\t\t\t\n\t\t\t\t\t\t\t\t\t\t\n\t\t\t\t\t\t\t\t\t\t\t\t\t\t\t\t\t\t\t<\/div>\n\t\t\t\t\t\t\t\t\t<!-- \/sp-slide-text -->\n\t\t\t\t\t\t\t\t<\/div><!-- .sp-slide-wrap -->\n\t\t\t\t\t\t\t<\/div><!-- .bsp-layers-overlay -->\n\t\t\t\t\t\t<\/div><!-- .sp-slide -->\n\t\t\t\t\t\t\t\t\t\t\t\t\t\t\t\t\t<div class=\"sp-slide sp-slide-2 sp-slide-type-Image  bsp-slide-content-right tf_w\" data-transition=\"fade\" data-duration=\"4\"  data-bg=\"https:\/\/niesenglass.eu\/wp-content\/uploads\/2024\/11\/03-480x600.jpg\">\n\t\t\t\t\t\t\t\t\t\t\t\t\t\t<div class=\"bsp-layers-overlay tf_rel tf_w\">\n\t\t\t\t\t\t\t\t<div class=\"sp-slide-wrap\">\n\t\t\t\t\t\t\t\t\t\t\t\t\t\t\t\t\t\t<div class=\"sp-slide-text tf_box\">\n\t\t\t\t\t\t\t\t\t\t\n\t\t\t\t\t\t\t\t\t\t\n\t\t\t\t\t\t\t\t\t\t\t\t\t\t\t\t\t\t\t<\/div>\n\t\t\t\t\t\t\t\t\t<!-- \/sp-slide-text -->\n\t\t\t\t\t\t\t\t<\/div><!-- .sp-slide-wrap -->\n\t\t\t\t\t\t\t<\/div><!-- .bsp-layers-overlay -->\n\t\t\t\t\t\t<\/div><!-- .sp-slide -->\n\t\t\t\t\t\t\t\t\t\t\t\t\t\t\t\t\t<div class=\"sp-slide sp-slide-3 sp-slide-type-Image  bsp-slide-content-right tf_w\" data-transition=\"fade\" data-duration=\"4\"  data-bg=\"https:\/\/niesenglass.eu\/wp-content\/uploads\/2024\/11\/04-480x600.jpg\">\n\t\t\t\t\t\t\t\t\t\t\t\t\t\t<div class=\"bsp-layers-overlay tf_rel tf_w\">\n\t\t\t\t\t\t\t\t<div class=\"sp-slide-wrap\">\n\t\t\t\t\t\t\t\t\t\t\t\t\t\t\t\t\t\t<div class=\"sp-slide-text tf_box\">\n\t\t\t\t\t\t\t\t\t\t\n\t\t\t\t\t\t\t\t\t\t\n\t\t\t\t\t\t\t\t\t\t\t\t\t\t\t\t\t\t\t<\/div>\n\t\t\t\t\t\t\t\t\t<!-- \/sp-slide-text -->\n\t\t\t\t\t\t\t\t<\/div><!-- .sp-slide-wrap -->\n\t\t\t\t\t\t\t<\/div><!-- .bsp-layers-overlay -->\n\t\t\t\t\t\t<\/div><!-- .sp-slide -->\n\t\t\t\t\t\t\t\t\t\t\t\t\t\t\t\t\t<div class=\"sp-slide sp-slide-4 sp-slide-type-Image  bsp-slide-content-right tf_w\" data-transition=\"fade\" data-duration=\"4\"  data-bg=\"https:\/\/niesenglass.eu\/wp-content\/uploads\/2024\/11\/05-480x600.jpg\">\n\t\t\t\t\t\t\t\t\t\t\t\t\t\t<div class=\"bsp-layers-overlay tf_rel tf_w\">\n\t\t\t\t\t\t\t\t<div class=\"sp-slide-wrap\">\n\t\t\t\t\t\t\t\t\t\t\t\t\t\t\t\t\t\t<div class=\"sp-slide-text tf_box\">\n\t\t\t\t\t\t\t\t\t\t\n\t\t\t\t\t\t\t\t\t\t\n\t\t\t\t\t\t\t\t\t\t\t\t\t\t\t\t\t\t\t<\/div>\n\t\t\t\t\t\t\t\t\t<!-- \/sp-slide-text -->\n\t\t\t\t\t\t\t\t<\/div><!-- .sp-slide-wrap -->\n\t\t\t\t\t\t\t<\/div><!-- .bsp-layers-overlay -->\n\t\t\t\t\t\t<\/div><!-- .sp-slide -->\n\t\t\t\t\t\t\t\t\t<\/div><!-- .sp-slides -->\n\t\t\t<\/div>\n\t\t\t\t\t<\/div><!-- .slider-pro -->\n\t\t<style>\n.tb_qd6e634 .sp-slide-0 .bsp-slide-excerpt,.tb_qd6e634 .sp-slide-0 .bsp-slide-excerpt p,.tb_qd6e634 .sp-slide-0 .sp-slide-text .bsp-slide-post-title{color:#ffffff}\n.tb_qd6e634 .sp-slide-1 .bsp-slide-excerpt,.tb_qd6e634 .sp-slide-1 .bsp-slide-excerpt p,.tb_qd6e634 .sp-slide-1 .sp-slide-text .bsp-slide-post-title{color:#ffffff}\n.tb_qd6e634 .sp-slide-2 .bsp-slide-excerpt,.tb_qd6e634 .sp-slide-2 .bsp-slide-excerpt p,.tb_qd6e634 .sp-slide-2 .sp-slide-text .bsp-slide-post-title{color:#ffffff}\n.tb_qd6e634 .sp-slide-3 .bsp-slide-excerpt,.tb_qd6e634 .sp-slide-3 .bsp-slide-excerpt p,.tb_qd6e634 .sp-slide-3 .sp-slide-text .bsp-slide-post-title{color:#ffffff}\n.tb_qd6e634 .sp-slide-4 .bsp-slide-excerpt,.tb_qd6e634 .sp-slide-4 .bsp-slide-excerpt p,.tb_qd6e634 .sp-slide-4 .sp-slide-text .bsp-slide-post-title{color:#ffffff}\n<\/style><\/div>\n<!-- \/Slider Pro module -->\n        <\/div>\n                        <\/div>\n        <\/div>\n                        <div  data-lazy=\"1\" class=\"module_row themify_builder_row tb_eg8p747 tf_w\">\n                        <div class=\"row_inner col_align_top tb_col_count_1 tf_box tf_rel\">\n                        <div  data-lazy=\"1\" class=\"module_column tb-column col-full tb_1n32747 first\">\n                            <\/div>\n                        <\/div>\n        <\/div>\n        <\/div>\n<!--\/themify_builder_content-->","protected":false},"excerpt":{"rendered":"<p>ContactNiesenglass EU Sokolovsk\u00e1 428\/130,Praha 8 \u2013 Karl\u00edn, 186 00 Praha 86, Czech RepublicI\u010cO: 17162106(VAT) DI\u010c: CZ686023583 Email:\u00a0tech@niesenglass.euPhone:\u00a0+41 76 22 999 75 Niesenglass EU is a subsidiary of Niesenglass Switzerland GmbH, Eichzun 4, 3800 Unterseen \/ Interlaken, Schweiz. Vat No. CHE-338.977.761.Web: niesenglass.ch<\/p>\n","protected":false},"author":2,"featured_media":0,"parent":0,"menu_order":0,"comment_status":"closed","ping_status":"closed","template":"","meta":{"footnotes":""},"class_list":["post-782","page","type-page","status-publish","hentry","has-post-title","has-post-date","has-post-category","has-post-tag","has-post-comment","has-post-author",""],"_links":{"self":[{"href":"https:\/\/niesenglass.eu\/de\/wp-json\/wp\/v2\/pages\/782","targetHints":{"allow":["GET"]}}],"collection":[{"href":"https:\/\/niesenglass.eu\/de\/wp-json\/wp\/v2\/pages"}],"about":[{"href":"https:\/\/niesenglass.eu\/de\/wp-json\/wp\/v2\/types\/page"}],"author":[{"embeddable":true,"href":"https:\/\/niesenglass.eu\/de\/wp-json\/wp\/v2\/users\/2"}],"replies":[{"embeddable":true,"href":"https:\/\/niesenglass.eu\/de\/wp-json\/wp\/v2\/comments?post=782"}],"version-history":[{"count":0,"href":"https:\/\/niesenglass.eu\/de\/wp-json\/wp\/v2\/pages\/782\/revisions"}],"wp:attachment":[{"href":"https:\/\/niesenglass.eu\/de\/wp-json\/wp\/v2\/media?parent=782"}],"curies":[{"name":"wp","href":"https:\/\/api.w.org\/{rel}","templated":true}]}}